{"id":6493,"date":"2023-10-25T17:02:18","date_gmt":"2023-10-25T14:02:18","guid":{"rendered":"https:\/\/www.lastchance.deals\/fi\/product\/seinakello-vivid-3-kpl-setti-1-kello2-peilit-kulta-25x-25cm-25x-25cm-25x-25cm\/"},"modified":"2025-09-20T03:10:53","modified_gmt":"2025-09-20T00:10:53","slug":"seinakello-vivid-3-kpl-setti-1-kello2-peilit-kulta-25x-25cm-25x-25cm-25x-25cm","status":"publish","type":"product","link":"https:\/\/last-chance.fi\/?product=seinakello-vivid-3-kpl-setti-1-kello2-peilit-kulta-25x-25cm-25x-25cm-25x-25cm","title":{"rendered":"Sein\u00e4kello Vivid 3 kpl setti, 1 kello+2 peilit kulta 25x 25cm , 25x 25cm , 25x 25cm"},"content":{"rendered":"<p>T\u00e4m\u00e4 upea sein\u00e4kellosetti on t\u00e4ydellinen valinta, kun haluat tuoda kotiisi ripauksen tyyli\u00e4 ja eleganssia. Setti koostuu yhdest\u00e4 kellosta ja kahdesta peilist\u00e4, jotka on valmistettu laadukkaasta lasista ja muovista. Kaikki kolme osaa ovat samankokoisia ja -muotoisia, ja niiss\u00e4 on kaunis kultainen kehys. Voit ripustaa ne sein\u00e4lle haluamallasi tavalla ja luoda n\u00e4in oman persoonallisen ilmeen.<\/p>\n<p><\/p>\n<p>Sein\u00e4kello Vivid on tarkoitettu sis\u00e4k\u00e4ytt\u00f6\u00f6n, ja se n\u00e4ytt\u00e4\u00e4 ajan tarkasti ja selke\u00e4sti. Kellossa on hiljainen kvartsikoneisto, joten se ei h\u00e4iritse sinua ylim\u00e4\u00e4r\u00e4isill\u00e4 \u00e4\u00e4nill\u00e4. Kellon halkaisija on 25 cm, ja se toimii yhdell\u00e4 AA-paristolla (ei sis\u00e4lly pakkaukseen). Peilit ovat my\u00f6s 25 cm halkaisijaltaan, ja niiss\u00e4 on heijastava pinta, joka luo tilantuntua ja valoisuutta.<\/p>\n<p><\/p>\n<p>Sein\u00e4kello Vivid 3 kpl setti on valmistettu ForrestDecor-nimisell\u00e4 yrityksell\u00e4, joka on tunnettu korkealaatuisista ja tyylikk\u00e4ist\u00e4 sisustustuotteistaan. Setill\u00e4 on 12 kuukauden takuu, joten voit olla varma sen kest\u00e4vyydest\u00e4 ja toimivuudesta. Tilaa nyt t\u00e4m\u00e4 upea sein\u00e4kellosetti ja anna kotisi loistaa!<\/p>\n<p><\/p>\n<p>Toimitusaika: Toimitusaika 1 viikko<br \/>\nMateriaali: lasi,muovi<br \/>\nV\u00e4ri: kulta<br \/>\nMitat: 25x 25cm , 25x 25cm , 25x 25cm<br \/>\nTarkoitettu: sis\u00e4k\u00e4ytt\u00f6\u00f6n<br \/>\nValmistaja: ForrestDecor<br \/>\nTakuu: 12kk<\/p>\n","protected":false},"excerpt":{"rendered":"<p>T\u00e4m\u00e4 upea sein\u00e4kellosetti on t\u00e4ydellinen valinta, kun haluat tuoda kotiisi ripauksen tyyli\u00e4 ja eleganssia. Setti koostuu yhdest\u00e4 kellosta ja kahdesta peilist\u00e4, jotka on valmistettu laadukkaasta lasista ja muovista. Kaikki kolme osaa ovat samankokoisia ja -muotoisia, ja niiss\u00e4 on kaunis kultainen kehys. Voit ripustaa ne sein\u00e4lle haluamallasi tavalla ja luoda n\u00e4in oman persoonallisen ilmeen. Sein\u00e4kello Vivid [&hellip;]<\/p>\n","protected":false},"featured_media":6486,"comment_status":"open","ping_status":"closed","template":"","meta":[],"product_brand":[],"product_cat":[78],"product_tag":[],"class_list":{"0":"post-6493","1":"product","2":"type-product","3":"status-publish","4":"has-post-thumbnail","6":"product_cat-seinapeilit","8":"first","9":"instock","10":"shipping-taxable","11":"purchasable","12":"product-type-simple"},"yoast_head":"<!-- This site is optimized with the Yoast SEO plugin v23.8 - https:\/\/yoast.com\/wordpress\/plugins\/seo\/ -->\n<title>Sein\u00e4kello Vivid 3 kpl setti, 1 kello+2 peilit kulta 25x 25cm , 25x 25cm , 25x 25cm - LASTCHANCE Deals | Suomi<\/title>\n<meta name=\"robots\" content=\"index, follow, max-snippet:-1, max-image-preview:large, max-video-preview:-1\" \/>\n<link rel=\"canonical\" href=\"https:\/\/last-chance.fi\/?product=seinakello-vivid-3-kpl-setti-1-kello2-peilit-kulta-25x-25cm-25x-25cm-25x-25cm\" \/>\n<meta property=\"og:locale\" content=\"fi_FI\" \/>\n<meta property=\"og:type\" content=\"article\" \/>\n<meta property=\"og:title\" content=\"Sein\u00e4kello Vivid 3 kpl setti, 1 kello+2 peilit kulta 25x 25cm , 25x 25cm , 25x 25cm - LASTCHANCE Deals | Suomi\" \/>\n<meta property=\"og:description\" content=\"T\u00e4m\u00e4 upea sein\u00e4kellosetti on t\u00e4ydellinen valinta, kun haluat tuoda kotiisi ripauksen tyyli\u00e4 ja eleganssia. Setti koostuu yhdest\u00e4 kellosta ja kahdesta peilist\u00e4, jotka on valmistettu laadukkaasta lasista ja muovista. Kaikki kolme osaa ovat samankokoisia ja -muotoisia, ja niiss\u00e4 on kaunis kultainen kehys. Voit ripustaa ne sein\u00e4lle haluamallasi tavalla ja luoda n\u00e4in oman persoonallisen ilmeen. Sein\u00e4kello Vivid [&hellip;]\" \/>\n<meta property=\"og:url\" content=\"https:\/\/last-chance.fi\/?product=seinakello-vivid-3-kpl-setti-1-kello2-peilit-kulta-25x-25cm-25x-25cm-25x-25cm\" \/>\n<meta property=\"og:site_name\" content=\"LASTCHANCE Deals | Suomi\" \/>\n<meta property=\"article:modified_time\" content=\"2025-09-20T00:10:53+00:00\" \/>\n<meta property=\"og:image\" content=\"https:\/\/last-chance.fi\/wp-content\/uploads\/2023\/10\/77-1.jpg\" \/>\n\t<meta property=\"og:image:width\" content=\"1217\" \/>\n\t<meta property=\"og:image:height\" content=\"1200\" \/>\n\t<meta property=\"og:image:type\" content=\"image\/jpeg\" \/>\n<meta name=\"twitter:card\" content=\"summary_large_image\" \/>\n<meta name=\"twitter:label1\" content=\"Arvioitu lukuaika\" \/>\n\t<meta name=\"twitter:data1\" content=\"1 minuutti\" \/>\n<script type=\"application\/ld+json\" class=\"yoast-schema-graph\">{\"@context\":\"https:\/\/schema.org\",\"@graph\":[{\"@type\":\"WebPage\",\"@id\":\"https:\/\/last-chance.fi\/?product=seinakello-vivid-3-kpl-setti-1-kello2-peilit-kulta-25x-25cm-25x-25cm-25x-25cm\",\"url\":\"https:\/\/last-chance.fi\/?product=seinakello-vivid-3-kpl-setti-1-kello2-peilit-kulta-25x-25cm-25x-25cm-25x-25cm\",\"name\":\"Sein\u00e4kello Vivid 3 kpl setti, 1 kello+2 peilit kulta 25x 25cm , 25x 25cm , 25x 25cm - LASTCHANCE Deals | Suomi\",\"isPartOf\":{\"@id\":\"https:\/\/last-chance.fi\/#website\"},\"primaryImageOfPage\":{\"@id\":\"https:\/\/last-chance.fi\/?product=seinakello-vivid-3-kpl-setti-1-kello2-peilit-kulta-25x-25cm-25x-25cm-25x-25cm#primaryimage\"},\"image\":{\"@id\":\"https:\/\/last-chance.fi\/?product=seinakello-vivid-3-kpl-setti-1-kello2-peilit-kulta-25x-25cm-25x-25cm-25x-25cm#primaryimage\"},\"thumbnailUrl\":\"https:\/\/last-chance.fi\/wp-content\/uploads\/2023\/10\/77-1.jpg\",\"datePublished\":\"2023-10-25T14:02:18+00:00\",\"dateModified\":\"2025-09-20T00:10:53+00:00\",\"breadcrumb\":{\"@id\":\"https:\/\/last-chance.fi\/?product=seinakello-vivid-3-kpl-setti-1-kello2-peilit-kulta-25x-25cm-25x-25cm-25x-25cm#breadcrumb\"},\"inLanguage\":\"fi\",\"potentialAction\":[{\"@type\":\"ReadAction\",\"target\":[\"https:\/\/last-chance.fi\/?product=seinakello-vivid-3-kpl-setti-1-kello2-peilit-kulta-25x-25cm-25x-25cm-25x-25cm\"]}]},{\"@type\":\"ImageObject\",\"inLanguage\":\"fi\",\"@id\":\"https:\/\/last-chance.fi\/?product=seinakello-vivid-3-kpl-setti-1-kello2-peilit-kulta-25x-25cm-25x-25cm-25x-25cm#primaryimage\",\"url\":\"https:\/\/last-chance.fi\/wp-content\/uploads\/2023\/10\/77-1.jpg\",\"contentUrl\":\"https:\/\/last-chance.fi\/wp-content\/uploads\/2023\/10\/77-1.jpg\",\"width\":1217,\"height\":1200},{\"@type\":\"BreadcrumbList\",\"@id\":\"https:\/\/last-chance.fi\/?product=seinakello-vivid-3-kpl-setti-1-kello2-peilit-kulta-25x-25cm-25x-25cm-25x-25cm#breadcrumb\",\"itemListElement\":[{\"@type\":\"ListItem\",\"position\":1,\"name\":\"Home\",\"item\":\"https:\/\/last-chance.fi\/\"},{\"@type\":\"ListItem\",\"position\":2,\"name\":\"Sein\u00e4kello Vivid 3 kpl setti, 1 kello+2 peilit kulta 25x 25cm , 25x 25cm , 25x 25cm\"}]},{\"@type\":\"WebSite\",\"@id\":\"https:\/\/last-chance.fi\/#website\",\"url\":\"https:\/\/last-chance.fi\/\",\"name\":\"LASTCHANCE Deals | Suomi\",\"description\":\"LASTCHANCE Deals | Suomi\",\"publisher\":{\"@id\":\"https:\/\/last-chance.fi\/#organization\"},\"potentialAction\":[{\"@type\":\"SearchAction\",\"target\":{\"@type\":\"EntryPoint\",\"urlTemplate\":\"https:\/\/last-chance.fi\/?s={search_term_string}\"},\"query-input\":{\"@type\":\"PropertyValueSpecification\",\"valueRequired\":true,\"valueName\":\"search_term_string\"}}],\"inLanguage\":\"fi\"},{\"@type\":\"Organization\",\"@id\":\"https:\/\/last-chance.fi\/#organization\",\"name\":\"LASTCHANCE Deals | Suomi\",\"url\":\"https:\/\/last-chance.fi\/\",\"logo\":{\"@type\":\"ImageObject\",\"inLanguage\":\"fi\",\"@id\":\"https:\/\/last-chance.fi\/#\/schema\/logo\/image\/\",\"url\":\"https:\/\/last-chance.fi\/wp-content\/uploads\/2023\/10\/lastchancedeals_logo_fi_white-1.png\",\"contentUrl\":\"https:\/\/last-chance.fi\/wp-content\/uploads\/2023\/10\/lastchancedeals_logo_fi_white-1.png\",\"width\":470,\"height\":110,\"caption\":\"LASTCHANCE Deals | Suomi\"},\"image\":{\"@id\":\"https:\/\/last-chance.fi\/#\/schema\/logo\/image\/\"}}]}<\/script>\n<!-- \/ Yoast SEO plugin. -->","yoast_head_json":{"title":"Sein\u00e4kello Vivid 3 kpl setti, 1 kello+2 peilit kulta 25x 25cm , 25x 25cm , 25x 25cm - LASTCHANCE Deals | Suomi","robots":{"index":"index","follow":"follow","max-snippet":"max-snippet:-1","max-image-preview":"max-image-preview:large","max-video-preview":"max-video-preview:-1"},"canonical":"https:\/\/last-chance.fi\/?product=seinakello-vivid-3-kpl-setti-1-kello2-peilit-kulta-25x-25cm-25x-25cm-25x-25cm","og_locale":"fi_FI","og_type":"article","og_title":"Sein\u00e4kello Vivid 3 kpl setti, 1 kello+2 peilit kulta 25x 25cm , 25x 25cm , 25x 25cm - LASTCHANCE Deals | Suomi","og_description":"T\u00e4m\u00e4 upea sein\u00e4kellosetti on t\u00e4ydellinen valinta, kun haluat tuoda kotiisi ripauksen tyyli\u00e4 ja eleganssia. Setti koostuu yhdest\u00e4 kellosta ja kahdesta peilist\u00e4, jotka on valmistettu laadukkaasta lasista ja muovista. Kaikki kolme osaa ovat samankokoisia ja -muotoisia, ja niiss\u00e4 on kaunis kultainen kehys. Voit ripustaa ne sein\u00e4lle haluamallasi tavalla ja luoda n\u00e4in oman persoonallisen ilmeen. Sein\u00e4kello Vivid [&hellip;]","og_url":"https:\/\/last-chance.fi\/?product=seinakello-vivid-3-kpl-setti-1-kello2-peilit-kulta-25x-25cm-25x-25cm-25x-25cm","og_site_name":"LASTCHANCE Deals | Suomi","article_modified_time":"2025-09-20T00:10:53+00:00","og_image":[{"width":1217,"height":1200,"url":"https:\/\/last-chance.fi\/wp-content\/uploads\/2023\/10\/77-1.jpg","type":"image\/jpeg"}],"twitter_card":"summary_large_image","twitter_misc":{"Arvioitu lukuaika":"1 minuutti"},"schema":{"@context":"https:\/\/schema.org","@graph":[{"@type":"WebPage","@id":"https:\/\/last-chance.fi\/?product=seinakello-vivid-3-kpl-setti-1-kello2-peilit-kulta-25x-25cm-25x-25cm-25x-25cm","url":"https:\/\/last-chance.fi\/?product=seinakello-vivid-3-kpl-setti-1-kello2-peilit-kulta-25x-25cm-25x-25cm-25x-25cm","name":"Sein\u00e4kello Vivid 3 kpl setti, 1 kello+2 peilit kulta 25x 25cm , 25x 25cm , 25x 25cm - LASTCHANCE Deals | Suomi","isPartOf":{"@id":"https:\/\/last-chance.fi\/#website"},"primaryImageOfPage":{"@id":"https:\/\/last-chance.fi\/?product=seinakello-vivid-3-kpl-setti-1-kello2-peilit-kulta-25x-25cm-25x-25cm-25x-25cm#primaryimage"},"image":{"@id":"https:\/\/last-chance.fi\/?product=seinakello-vivid-3-kpl-setti-1-kello2-peilit-kulta-25x-25cm-25x-25cm-25x-25cm#primaryimage"},"thumbnailUrl":"https:\/\/last-chance.fi\/wp-content\/uploads\/2023\/10\/77-1.jpg","datePublished":"2023-10-25T14:02:18+00:00","dateModified":"2025-09-20T00:10:53+00:00","breadcrumb":{"@id":"https:\/\/last-chance.fi\/?product=seinakello-vivid-3-kpl-setti-1-kello2-peilit-kulta-25x-25cm-25x-25cm-25x-25cm#breadcrumb"},"inLanguage":"fi","potentialAction":[{"@type":"ReadAction","target":["https:\/\/last-chance.fi\/?product=seinakello-vivid-3-kpl-setti-1-kello2-peilit-kulta-25x-25cm-25x-25cm-25x-25cm"]}]},{"@type":"ImageObject","inLanguage":"fi","@id":"https:\/\/last-chance.fi\/?product=seinakello-vivid-3-kpl-setti-1-kello2-peilit-kulta-25x-25cm-25x-25cm-25x-25cm#primaryimage","url":"https:\/\/last-chance.fi\/wp-content\/uploads\/2023\/10\/77-1.jpg","contentUrl":"https:\/\/last-chance.fi\/wp-content\/uploads\/2023\/10\/77-1.jpg","width":1217,"height":1200},{"@type":"BreadcrumbList","@id":"https:\/\/last-chance.fi\/?product=seinakello-vivid-3-kpl-setti-1-kello2-peilit-kulta-25x-25cm-25x-25cm-25x-25cm#breadcrumb","itemListElement":[{"@type":"ListItem","position":1,"name":"Home","item":"https:\/\/last-chance.fi\/"},{"@type":"ListItem","position":2,"name":"Sein\u00e4kello Vivid 3 kpl setti, 1 kello+2 peilit kulta 25x 25cm , 25x 25cm , 25x 25cm"}]},{"@type":"WebSite","@id":"https:\/\/last-chance.fi\/#website","url":"https:\/\/last-chance.fi\/","name":"LASTCHANCE Deals | Suomi","description":"LASTCHANCE Deals | Suomi","publisher":{"@id":"https:\/\/last-chance.fi\/#organization"},"potentialAction":[{"@type":"SearchAction","target":{"@type":"EntryPoint","urlTemplate":"https:\/\/last-chance.fi\/?s={search_term_string}"},"query-input":{"@type":"PropertyValueSpecification","valueRequired":true,"valueName":"search_term_string"}}],"inLanguage":"fi"},{"@type":"Organization","@id":"https:\/\/last-chance.fi\/#organization","name":"LASTCHANCE Deals | Suomi","url":"https:\/\/last-chance.fi\/","logo":{"@type":"ImageObject","inLanguage":"fi","@id":"https:\/\/last-chance.fi\/#\/schema\/logo\/image\/","url":"https:\/\/last-chance.fi\/wp-content\/uploads\/2023\/10\/lastchancedeals_logo_fi_white-1.png","contentUrl":"https:\/\/last-chance.fi\/wp-content\/uploads\/2023\/10\/lastchancedeals_logo_fi_white-1.png","width":470,"height":110,"caption":"LASTCHANCE Deals | Suomi"},"image":{"@id":"https:\/\/last-chance.fi\/#\/schema\/logo\/image\/"}}]}},"_links":{"self":[{"href":"https:\/\/last-chance.fi\/index.php?rest_route=\/wp\/v2\/product\/6493","targetHints":{"allow":["GET"]}}],"collection":[{"href":"https:\/\/last-chance.fi\/index.php?rest_route=\/wp\/v2\/product"}],"about":[{"href":"https:\/\/last-chance.fi\/index.php?rest_route=\/wp\/v2\/types\/product"}],"replies":[{"embeddable":true,"href":"https:\/\/last-chance.fi\/index.php?rest_route=%2Fwp%2Fv2%2Fcomments&post=6493"}],"wp:featuredmedia":[{"embeddable":true,"href":"https:\/\/last-chance.fi\/index.php?rest_route=\/wp\/v2\/media\/6486"}],"wp:attachment":[{"href":"https:\/\/last-chance.fi\/index.php?rest_route=%2Fwp%2Fv2%2Fmedia&parent=6493"}],"wp:term":[{"taxonomy":"product_brand","embeddable":true,"href":"https:\/\/last-chance.fi\/index.php?rest_route=%2Fwp%2Fv2%2Fproduct_brand&post=6493"},{"taxonomy":"product_cat","embeddable":true,"href":"https:\/\/last-chance.fi\/index.php?rest_route=%2Fwp%2Fv2%2Fproduct_cat&post=6493"},{"taxonomy":"product_tag","embeddable":true,"href":"https:\/\/last-chance.fi\/index.php?rest_route=%2Fwp%2Fv2%2Fproduct_tag&post=6493"}],"curies":[{"name":"wp","href":"https:\/\/api.w.org\/{rel}","templated":true}]}}