{"id":6475,"date":"2023-10-25T17:00:09","date_gmt":"2023-10-25T14:00:09","guid":{"rendered":"https:\/\/www.lastchance.deals\/fi\/product\/seinapeili-vintage-3-kpl-setti-kulta-25-4x-25-4cm-25-4x-25-4cm-25-4x-25-4cm\/"},"modified":"2026-02-03T11:58:06","modified_gmt":"2026-02-03T09:58:06","slug":"seinapeili-vintage-3-kpl-setti-kulta-25-4x-25-4cm-25-4x-25-4cm-25-4x-25-4cm","status":"publish","type":"product","link":"https:\/\/last-chance.fi\/?product=seinapeili-vintage-3-kpl-setti-kulta-25-4x-25-4cm-25-4x-25-4cm-25-4x-25-4cm","title":{"rendered":"Sein\u00e4peili Vintage 3 kpl setti kulta 25.4x 25.4cm , 25.4x 25.4cm , 25.4x 25.4cm"},"content":{"rendered":"<p>Tyylik\u00e4s ja elegantti sein\u00e4peili Vintage 3 kpl setti on t\u00e4ydellinen valinta kodin sisustukseen. T\u00e4m\u00e4 setti sis\u00e4lt\u00e4\u00e4 kolme samankokoista ja -muotoista peili\u00e4, jotka on kehystetty kauniilla kultaisella muovilla. Peilien halkaisija on 25.4 cm, joten ne sopivat hyvin mihin tahansa tilaan.<\/p>\n<p><\/p>\n<p>Sein\u00e4peili Vintage 3 kpl setti on valmistettu laadukkaista materiaaleista: peilit ovat lasia ja kehykset ovat muovia. Ne on tarkoitettu vain sis\u00e4k\u00e4ytt\u00f6\u00f6n, joten ne kest\u00e4v\u00e4t pitk\u00e4\u00e4n. Setti on valmistettu ForrestDecor-nimisell\u00e4 yrityksell\u00e4, joka on tunnettu korkealaatuisista ja uniikeista tuotteistaan. Setill\u00e4 on 12 kuukauden takuu.<\/p>\n<p><\/p>\n<p>Tilaa nyt sein\u00e4peili Vintage 3 kpl setti ja tuo kotiisi ripaus vintage-henke\u00e4 ja glamouria. T\u00e4m\u00e4 setti on loistava lahjaidea my\u00f6s yst\u00e4v\u00e4lle tai perheenj\u00e4senelle. \u00c4l\u00e4 missaa t\u00e4t\u00e4 tilaisuutta, sill\u00e4 varastossa on vain rajoitettu m\u00e4\u00e4r\u00e4 n\u00e4it\u00e4 upeita peilej\u00e4.<\/p>\n<p><\/p>\n<p>Toimitusaika: Toimitusaika 1 viikko<br \/>\nMateriaali: lasi,muovi<br \/>\nV\u00e4ri: kulta<br \/>\nMitat: 25.4x 25.4cm , 25.4x 25.4cm , 25.4x 25.4cm<br \/>\nTarkoitettu: sis\u00e4k\u00e4ytt\u00f6\u00f6n<br \/>\nValmistaja: ForrestDecor<br \/>\nTakuu: 12kk<\/p>\n","protected":false},"excerpt":{"rendered":"<p>Tyylik\u00e4s ja elegantti sein\u00e4peili Vintage 3 kpl setti on t\u00e4ydellinen valinta kodin sisustukseen. T\u00e4m\u00e4 setti sis\u00e4lt\u00e4\u00e4 kolme samankokoista ja -muotoista peili\u00e4, jotka on kehystetty kauniilla kultaisella muovilla. Peilien halkaisija on 25.4 cm, joten ne sopivat hyvin mihin tahansa tilaan. Sein\u00e4peili Vintage 3 kpl setti on valmistettu laadukkaista materiaaleista: peilit ovat lasia ja kehykset ovat muovia. [&hellip;]<\/p>\n","protected":false},"featured_media":6471,"comment_status":"open","ping_status":"closed","template":"","meta":[],"product_brand":[],"product_cat":[78],"product_tag":[],"class_list":{"0":"post-6475","1":"product","2":"type-product","3":"status-publish","4":"has-post-thumbnail","6":"product_cat-seinapeilit","8":"first","9":"instock","10":"shipping-taxable","11":"purchasable","12":"product-type-simple"},"yoast_head":"<!-- This site is optimized with the Yoast SEO plugin v23.8 - https:\/\/yoast.com\/wordpress\/plugins\/seo\/ -->\n<title>Sein\u00e4peili Vintage 3 kpl setti kulta 25.4x 25.4cm , 25.4x 25.4cm , 25.4x 25.4cm - LASTCHANCE Deals | Suomi<\/title>\n<meta name=\"robots\" content=\"index, follow, max-snippet:-1, max-image-preview:large, max-video-preview:-1\" \/>\n<link rel=\"canonical\" href=\"https:\/\/last-chance.fi\/?product=seinapeili-vintage-3-kpl-setti-kulta-25-4x-25-4cm-25-4x-25-4cm-25-4x-25-4cm\" \/>\n<meta property=\"og:locale\" content=\"fi_FI\" \/>\n<meta property=\"og:type\" content=\"article\" \/>\n<meta property=\"og:title\" content=\"Sein\u00e4peili Vintage 3 kpl setti kulta 25.4x 25.4cm , 25.4x 25.4cm , 25.4x 25.4cm - LASTCHANCE Deals | Suomi\" \/>\n<meta property=\"og:description\" content=\"Tyylik\u00e4s ja elegantti sein\u00e4peili Vintage 3 kpl setti on t\u00e4ydellinen valinta kodin sisustukseen. T\u00e4m\u00e4 setti sis\u00e4lt\u00e4\u00e4 kolme samankokoista ja -muotoista peili\u00e4, jotka on kehystetty kauniilla kultaisella muovilla. Peilien halkaisija on 25.4 cm, joten ne sopivat hyvin mihin tahansa tilaan. Sein\u00e4peili Vintage 3 kpl setti on valmistettu laadukkaista materiaaleista: peilit ovat lasia ja kehykset ovat muovia. [&hellip;]\" \/>\n<meta property=\"og:url\" content=\"https:\/\/last-chance.fi\/?product=seinapeili-vintage-3-kpl-setti-kulta-25-4x-25-4cm-25-4x-25-4cm-25-4x-25-4cm\" \/>\n<meta property=\"og:site_name\" content=\"LASTCHANCE Deals | Suomi\" \/>\n<meta property=\"article:modified_time\" content=\"2026-02-03T09:58:06+00:00\" \/>\n<meta property=\"og:image\" content=\"https:\/\/last-chance.fi\/wp-content\/uploads\/2023\/10\/6_2_1-1.jpg\" \/>\n\t<meta property=\"og:image:width\" content=\"1246\" \/>\n\t<meta property=\"og:image:height\" content=\"1200\" \/>\n\t<meta property=\"og:image:type\" content=\"image\/jpeg\" \/>\n<meta name=\"twitter:card\" content=\"summary_large_image\" \/>\n<meta name=\"twitter:label1\" content=\"Arvioitu lukuaika\" \/>\n\t<meta name=\"twitter:data1\" content=\"1 minuutti\" \/>\n<script type=\"application\/ld+json\" class=\"yoast-schema-graph\">{\"@context\":\"https:\/\/schema.org\",\"@graph\":[{\"@type\":\"WebPage\",\"@id\":\"https:\/\/last-chance.fi\/?product=seinapeili-vintage-3-kpl-setti-kulta-25-4x-25-4cm-25-4x-25-4cm-25-4x-25-4cm\",\"url\":\"https:\/\/last-chance.fi\/?product=seinapeili-vintage-3-kpl-setti-kulta-25-4x-25-4cm-25-4x-25-4cm-25-4x-25-4cm\",\"name\":\"Sein\u00e4peili Vintage 3 kpl setti kulta 25.4x 25.4cm , 25.4x 25.4cm , 25.4x 25.4cm - LASTCHANCE Deals | Suomi\",\"isPartOf\":{\"@id\":\"https:\/\/last-chance.fi\/#website\"},\"primaryImageOfPage\":{\"@id\":\"https:\/\/last-chance.fi\/?product=seinapeili-vintage-3-kpl-setti-kulta-25-4x-25-4cm-25-4x-25-4cm-25-4x-25-4cm#primaryimage\"},\"image\":{\"@id\":\"https:\/\/last-chance.fi\/?product=seinapeili-vintage-3-kpl-setti-kulta-25-4x-25-4cm-25-4x-25-4cm-25-4x-25-4cm#primaryimage\"},\"thumbnailUrl\":\"https:\/\/last-chance.fi\/wp-content\/uploads\/2023\/10\/6_2_1-1.jpg\",\"datePublished\":\"2023-10-25T14:00:09+00:00\",\"dateModified\":\"2026-02-03T09:58:06+00:00\",\"breadcrumb\":{\"@id\":\"https:\/\/last-chance.fi\/?product=seinapeili-vintage-3-kpl-setti-kulta-25-4x-25-4cm-25-4x-25-4cm-25-4x-25-4cm#breadcrumb\"},\"inLanguage\":\"fi\",\"potentialAction\":[{\"@type\":\"ReadAction\",\"target\":[\"https:\/\/last-chance.fi\/?product=seinapeili-vintage-3-kpl-setti-kulta-25-4x-25-4cm-25-4x-25-4cm-25-4x-25-4cm\"]}]},{\"@type\":\"ImageObject\",\"inLanguage\":\"fi\",\"@id\":\"https:\/\/last-chance.fi\/?product=seinapeili-vintage-3-kpl-setti-kulta-25-4x-25-4cm-25-4x-25-4cm-25-4x-25-4cm#primaryimage\",\"url\":\"https:\/\/last-chance.fi\/wp-content\/uploads\/2023\/10\/6_2_1-1.jpg\",\"contentUrl\":\"https:\/\/last-chance.fi\/wp-content\/uploads\/2023\/10\/6_2_1-1.jpg\",\"width\":1246,\"height\":1200},{\"@type\":\"BreadcrumbList\",\"@id\":\"https:\/\/last-chance.fi\/?product=seinapeili-vintage-3-kpl-setti-kulta-25-4x-25-4cm-25-4x-25-4cm-25-4x-25-4cm#breadcrumb\",\"itemListElement\":[{\"@type\":\"ListItem\",\"position\":1,\"name\":\"Home\",\"item\":\"https:\/\/last-chance.fi\/\"},{\"@type\":\"ListItem\",\"position\":2,\"name\":\"Sein\u00e4peili Vintage 3 kpl setti kulta 25.4x 25.4cm , 25.4x 25.4cm , 25.4x 25.4cm\"}]},{\"@type\":\"WebSite\",\"@id\":\"https:\/\/last-chance.fi\/#website\",\"url\":\"https:\/\/last-chance.fi\/\",\"name\":\"LASTCHANCE Deals | Suomi\",\"description\":\"LASTCHANCE Deals | Suomi\",\"publisher\":{\"@id\":\"https:\/\/last-chance.fi\/#organization\"},\"potentialAction\":[{\"@type\":\"SearchAction\",\"target\":{\"@type\":\"EntryPoint\",\"urlTemplate\":\"https:\/\/last-chance.fi\/?s={search_term_string}\"},\"query-input\":{\"@type\":\"PropertyValueSpecification\",\"valueRequired\":true,\"valueName\":\"search_term_string\"}}],\"inLanguage\":\"fi\"},{\"@type\":\"Organization\",\"@id\":\"https:\/\/last-chance.fi\/#organization\",\"name\":\"LASTCHANCE Deals | Suomi\",\"url\":\"https:\/\/last-chance.fi\/\",\"logo\":{\"@type\":\"ImageObject\",\"inLanguage\":\"fi\",\"@id\":\"https:\/\/last-chance.fi\/#\/schema\/logo\/image\/\",\"url\":\"https:\/\/last-chance.fi\/wp-content\/uploads\/2023\/10\/lastchancedeals_logo_fi_white-1.png\",\"contentUrl\":\"https:\/\/last-chance.fi\/wp-content\/uploads\/2023\/10\/lastchancedeals_logo_fi_white-1.png\",\"width\":470,\"height\":110,\"caption\":\"LASTCHANCE Deals | Suomi\"},\"image\":{\"@id\":\"https:\/\/last-chance.fi\/#\/schema\/logo\/image\/\"}}]}<\/script>\n<!-- \/ Yoast SEO plugin. -->","yoast_head_json":{"title":"Sein\u00e4peili Vintage 3 kpl setti kulta 25.4x 25.4cm , 25.4x 25.4cm , 25.4x 25.4cm - LASTCHANCE Deals | Suomi","robots":{"index":"index","follow":"follow","max-snippet":"max-snippet:-1","max-image-preview":"max-image-preview:large","max-video-preview":"max-video-preview:-1"},"canonical":"https:\/\/last-chance.fi\/?product=seinapeili-vintage-3-kpl-setti-kulta-25-4x-25-4cm-25-4x-25-4cm-25-4x-25-4cm","og_locale":"fi_FI","og_type":"article","og_title":"Sein\u00e4peili Vintage 3 kpl setti kulta 25.4x 25.4cm , 25.4x 25.4cm , 25.4x 25.4cm - LASTCHANCE Deals | Suomi","og_description":"Tyylik\u00e4s ja elegantti sein\u00e4peili Vintage 3 kpl setti on t\u00e4ydellinen valinta kodin sisustukseen. T\u00e4m\u00e4 setti sis\u00e4lt\u00e4\u00e4 kolme samankokoista ja -muotoista peili\u00e4, jotka on kehystetty kauniilla kultaisella muovilla. Peilien halkaisija on 25.4 cm, joten ne sopivat hyvin mihin tahansa tilaan. Sein\u00e4peili Vintage 3 kpl setti on valmistettu laadukkaista materiaaleista: peilit ovat lasia ja kehykset ovat muovia. [&hellip;]","og_url":"https:\/\/last-chance.fi\/?product=seinapeili-vintage-3-kpl-setti-kulta-25-4x-25-4cm-25-4x-25-4cm-25-4x-25-4cm","og_site_name":"LASTCHANCE Deals | Suomi","article_modified_time":"2026-02-03T09:58:06+00:00","og_image":[{"width":1246,"height":1200,"url":"https:\/\/last-chance.fi\/wp-content\/uploads\/2023\/10\/6_2_1-1.jpg","type":"image\/jpeg"}],"twitter_card":"summary_large_image","twitter_misc":{"Arvioitu lukuaika":"1 minuutti"},"schema":{"@context":"https:\/\/schema.org","@graph":[{"@type":"WebPage","@id":"https:\/\/last-chance.fi\/?product=seinapeili-vintage-3-kpl-setti-kulta-25-4x-25-4cm-25-4x-25-4cm-25-4x-25-4cm","url":"https:\/\/last-chance.fi\/?product=seinapeili-vintage-3-kpl-setti-kulta-25-4x-25-4cm-25-4x-25-4cm-25-4x-25-4cm","name":"Sein\u00e4peili Vintage 3 kpl setti kulta 25.4x 25.4cm , 25.4x 25.4cm , 25.4x 25.4cm - LASTCHANCE Deals | Suomi","isPartOf":{"@id":"https:\/\/last-chance.fi\/#website"},"primaryImageOfPage":{"@id":"https:\/\/last-chance.fi\/?product=seinapeili-vintage-3-kpl-setti-kulta-25-4x-25-4cm-25-4x-25-4cm-25-4x-25-4cm#primaryimage"},"image":{"@id":"https:\/\/last-chance.fi\/?product=seinapeili-vintage-3-kpl-setti-kulta-25-4x-25-4cm-25-4x-25-4cm-25-4x-25-4cm#primaryimage"},"thumbnailUrl":"https:\/\/last-chance.fi\/wp-content\/uploads\/2023\/10\/6_2_1-1.jpg","datePublished":"2023-10-25T14:00:09+00:00","dateModified":"2026-02-03T09:58:06+00:00","breadcrumb":{"@id":"https:\/\/last-chance.fi\/?product=seinapeili-vintage-3-kpl-setti-kulta-25-4x-25-4cm-25-4x-25-4cm-25-4x-25-4cm#breadcrumb"},"inLanguage":"fi","potentialAction":[{"@type":"ReadAction","target":["https:\/\/last-chance.fi\/?product=seinapeili-vintage-3-kpl-setti-kulta-25-4x-25-4cm-25-4x-25-4cm-25-4x-25-4cm"]}]},{"@type":"ImageObject","inLanguage":"fi","@id":"https:\/\/last-chance.fi\/?product=seinapeili-vintage-3-kpl-setti-kulta-25-4x-25-4cm-25-4x-25-4cm-25-4x-25-4cm#primaryimage","url":"https:\/\/last-chance.fi\/wp-content\/uploads\/2023\/10\/6_2_1-1.jpg","contentUrl":"https:\/\/last-chance.fi\/wp-content\/uploads\/2023\/10\/6_2_1-1.jpg","width":1246,"height":1200},{"@type":"BreadcrumbList","@id":"https:\/\/last-chance.fi\/?product=seinapeili-vintage-3-kpl-setti-kulta-25-4x-25-4cm-25-4x-25-4cm-25-4x-25-4cm#breadcrumb","itemListElement":[{"@type":"ListItem","position":1,"name":"Home","item":"https:\/\/last-chance.fi\/"},{"@type":"ListItem","position":2,"name":"Sein\u00e4peili Vintage 3 kpl setti kulta 25.4x 25.4cm , 25.4x 25.4cm , 25.4x 25.4cm"}]},{"@type":"WebSite","@id":"https:\/\/last-chance.fi\/#website","url":"https:\/\/last-chance.fi\/","name":"LASTCHANCE Deals | Suomi","description":"LASTCHANCE Deals | Suomi","publisher":{"@id":"https:\/\/last-chance.fi\/#organization"},"potentialAction":[{"@type":"SearchAction","target":{"@type":"EntryPoint","urlTemplate":"https:\/\/last-chance.fi\/?s={search_term_string}"},"query-input":{"@type":"PropertyValueSpecification","valueRequired":true,"valueName":"search_term_string"}}],"inLanguage":"fi"},{"@type":"Organization","@id":"https:\/\/last-chance.fi\/#organization","name":"LASTCHANCE Deals | Suomi","url":"https:\/\/last-chance.fi\/","logo":{"@type":"ImageObject","inLanguage":"fi","@id":"https:\/\/last-chance.fi\/#\/schema\/logo\/image\/","url":"https:\/\/last-chance.fi\/wp-content\/uploads\/2023\/10\/lastchancedeals_logo_fi_white-1.png","contentUrl":"https:\/\/last-chance.fi\/wp-content\/uploads\/2023\/10\/lastchancedeals_logo_fi_white-1.png","width":470,"height":110,"caption":"LASTCHANCE Deals | Suomi"},"image":{"@id":"https:\/\/last-chance.fi\/#\/schema\/logo\/image\/"}}]}},"_links":{"self":[{"href":"https:\/\/last-chance.fi\/index.php?rest_route=\/wp\/v2\/product\/6475","targetHints":{"allow":["GET"]}}],"collection":[{"href":"https:\/\/last-chance.fi\/index.php?rest_route=\/wp\/v2\/product"}],"about":[{"href":"https:\/\/last-chance.fi\/index.php?rest_route=\/wp\/v2\/types\/product"}],"replies":[{"embeddable":true,"href":"https:\/\/last-chance.fi\/index.php?rest_route=%2Fwp%2Fv2%2Fcomments&post=6475"}],"wp:featuredmedia":[{"embeddable":true,"href":"https:\/\/last-chance.fi\/index.php?rest_route=\/wp\/v2\/media\/6471"}],"wp:attachment":[{"href":"https:\/\/last-chance.fi\/index.php?rest_route=%2Fwp%2Fv2%2Fmedia&parent=6475"}],"wp:term":[{"taxonomy":"product_brand","embeddable":true,"href":"https:\/\/last-chance.fi\/index.php?rest_route=%2Fwp%2Fv2%2Fproduct_brand&post=6475"},{"taxonomy":"product_cat","embeddable":true,"href":"https:\/\/last-chance.fi\/index.php?rest_route=%2Fwp%2Fv2%2Fproduct_cat&post=6475"},{"taxonomy":"product_tag","embeddable":true,"href":"https:\/\/last-chance.fi\/index.php?rest_route=%2Fwp%2Fv2%2Fproduct_tag&post=6475"}],"curies":[{"name":"wp","href":"https:\/\/api.w.org\/{rel}","templated":true}]}}