{"id":15820,"date":"2024-06-26T22:55:13","date_gmt":"2024-06-26T19:55:13","guid":{"rendered":"https:\/\/www.lastchance.deals\/fi\/tuote\/20-paria-kertakayttoisia-sukkia-unisex-miehille-ja-naisille-lyhyt-valkoinen-koko-43-47-primavera\/"},"modified":"2025-09-20T01:43:02","modified_gmt":"2025-09-19T22:43:02","slug":"20-paria-kertakayttoisia-sukkia-unisex-miehille-ja-naisille-lyhyt-valkoinen-koko-43-47-primavera","status":"publish","type":"product","link":"https:\/\/last-chance.fi\/?product=20-paria-kertakayttoisia-sukkia-unisex-miehille-ja-naisille-lyhyt-valkoinen-koko-43-47-primavera","title":{"rendered":"20 paria kertak\u00e4ytt\u00f6isi\u00e4 sukkia, unisex miehille ja naisille (lyhyt, valkoinen) koko 43-47 Primavera"},"content":{"rendered":"<p>20 paria kertak\u00e4ytt\u00f6isi\u00e4 sukkia, unisex miehille tai naisille (lyhyet, valkoiset), koko 43-47 Primavera<\/p>\n<p><\/p>\n<p>20 paria kertak\u00e4ytt\u00f6isi\u00e4 sukkia, unisex miehille tai naisille, loistavat matkoille tai pitk\u00e4lle retkelle <br \/>\nKoko: 43-47<br \/>\nV\u00e4ri: Valkoinen<br \/>\nTyyli: Lyhyet<br \/>\nM\u00e4\u00e4r\u00e4: 20 paria<br \/>\nMerkki: Eurofashion<\/p>\n<p><\/p>\n<p>Materiaali: 80% puuvillaa, 17% polyamidia, 3% elastaania<br \/>\n<b>Toimitusaika: 7-10 arkip\u00e4iv\u00e4\u00e4<\/b><\/p>\n<p><\/p>\n<p>N\u00e4m\u00e4 kertak\u00e4ytt\u00f6sukat ovat t\u00e4ydellinen valinta niille, jotka arvostavat mukavuutta ja helppoutta. Ne ovat yksinkertainen ja k\u00e4tev\u00e4 ratkaisu niin matkoilla kuin pitk\u00e4n p\u00e4iv\u00e4n j\u00e4lkeenkin. Unisex-koko sopii sek\u00e4 miehille ett\u00e4 naisille, ja kokovaihtoehdot 43-47 varmistavat, ett\u00e4 l\u00f6yd\u00e4t juuri sopivan koon itsellesi.<\/p>\n<p><\/p>\n<p>Sukat on valmistettu 80% puuvillasta, 17% polyamidista ja 3% elastaanista, mik\u00e4 tekee niist\u00e4 miellytt\u00e4v\u00e4n tuntuiset jalassa, ja ne ovat riitt\u00e4v\u00e4n kest\u00e4v\u00e4t yksitt\u00e4iseen k\u00e4ytt\u00f6\u00f6n. Ne on helppo heitt\u00e4\u00e4 pois k\u00e4yt\u00f6n j\u00e4lkeen, mik\u00e4 tekee el\u00e4m\u00e4st\u00e4si hieman helpompaa.<\/p>\n<p><\/p>\n<p>Lyhyt tyyli on tyylik\u00e4s ja ajaton, ja klassinen valkoinen v\u00e4ri sopii mink\u00e4 tahansa asun tai kenk\u00e4parin kanssa. Pakkauksessa on 20 paria, joten sinulla on aina tuore pari k\u00e4ytett\u00e4viss\u00e4si.<\/p>\n<p><\/p>\n<p>Tilauksesi Eurofashion-merkkisi\u00e4 sukkia toimitetaan 7-10 arkip\u00e4iv\u00e4n kuluessa. Odotat varmasti innolla niiden kokeilemista!<\/p>\n<p><\/p>\n<p>Yksitt\u00e4iskohtaiset tuotetiedot: <br \/> <br \/>\n&#8211; Suositeltu k\u00e4ytt\u00f6: kertak\u00e4ytt\u00f6inen <br \/> <br \/>\n&#8211; Sukupuoli: unisex <br \/> <br \/>\n&#8211; Koko: 43-47 <br \/> <br \/>\n&#8211; V\u00e4ri: Valkoinen<br \/> <br \/>\n&#8211; Tyyli: Lyhyet <br \/> <br \/>\n&#8211; M\u00e4\u00e4r\u00e4: 20 paria <br \/> <br \/>\n&#8211; Merkki: Eurofashion <br \/> <br \/>\n&#8211; Materiaali: 80% puuvillaa, 17% polyamidia, 3% elastaania <br \/> <br \/>\n&#8211; Toimitusaika: 7-10 arkip\u00e4iv\u00e4\u00e4 <\/p>\n","protected":false},"excerpt":{"rendered":"<p>20 paria kertak\u00e4ytt\u00f6isi\u00e4 sukkia, unisex miehille tai naisille (lyhyet, valkoiset), koko 43-47 Primavera 20 paria kertak\u00e4ytt\u00f6isi\u00e4 sukkia, unisex miehille tai naisille, loistavat matkoille tai pitk\u00e4lle retkelle Koko: 43-47 V\u00e4ri: Valkoinen Tyyli: Lyhyet M\u00e4\u00e4r\u00e4: 20 paria Merkki: Eurofashion Materiaali: 80% puuvillaa, 17% polyamidia, 3% elastaania Toimitusaika: 7-10 arkip\u00e4iv\u00e4\u00e4 N\u00e4m\u00e4 kertak\u00e4ytt\u00f6sukat ovat t\u00e4ydellinen valinta niille, jotka arvostavat [&hellip;]<\/p>\n","protected":false},"featured_media":15817,"comment_status":"open","ping_status":"closed","template":"","meta":[],"product_brand":[],"product_cat":[248],"product_tag":[],"class_list":{"0":"post-15820","1":"product","2":"type-product","3":"status-publish","4":"has-post-thumbnail","6":"product_cat-matkatarvikkeet","8":"first","9":"instock","10":"shipping-taxable","11":"purchasable","12":"product-type-simple"},"yoast_head":"<!-- This site is optimized with the Yoast SEO plugin v23.8 - https:\/\/yoast.com\/wordpress\/plugins\/seo\/ -->\n<title>20 paria kertak\u00e4ytt\u00f6isi\u00e4 sukkia, unisex miehille ja naisille (lyhyt, valkoinen) koko 43-47 Primavera - LASTCHANCE Deals | Suomi<\/title>\n<meta name=\"robots\" content=\"index, follow, max-snippet:-1, max-image-preview:large, max-video-preview:-1\" \/>\n<link rel=\"canonical\" href=\"https:\/\/last-chance.fi\/?product=20-paria-kertakayttoisia-sukkia-unisex-miehille-ja-naisille-lyhyt-valkoinen-koko-43-47-primavera\" \/>\n<meta property=\"og:locale\" content=\"fi_FI\" \/>\n<meta property=\"og:type\" content=\"article\" \/>\n<meta property=\"og:title\" content=\"20 paria kertak\u00e4ytt\u00f6isi\u00e4 sukkia, unisex miehille ja naisille (lyhyt, valkoinen) koko 43-47 Primavera - LASTCHANCE Deals | Suomi\" \/>\n<meta property=\"og:description\" content=\"20 paria kertak\u00e4ytt\u00f6isi\u00e4 sukkia, unisex miehille tai naisille (lyhyet, valkoiset), koko 43-47 Primavera 20 paria kertak\u00e4ytt\u00f6isi\u00e4 sukkia, unisex miehille tai naisille, loistavat matkoille tai pitk\u00e4lle retkelle Koko: 43-47 V\u00e4ri: Valkoinen Tyyli: Lyhyet M\u00e4\u00e4r\u00e4: 20 paria Merkki: Eurofashion Materiaali: 80% puuvillaa, 17% polyamidia, 3% elastaania Toimitusaika: 7-10 arkip\u00e4iv\u00e4\u00e4 N\u00e4m\u00e4 kertak\u00e4ytt\u00f6sukat ovat t\u00e4ydellinen valinta niille, jotka arvostavat [&hellip;]\" \/>\n<meta property=\"og:url\" content=\"https:\/\/last-chance.fi\/?product=20-paria-kertakayttoisia-sukkia-unisex-miehille-ja-naisille-lyhyt-valkoinen-koko-43-47-primavera\" \/>\n<meta property=\"og:site_name\" content=\"LASTCHANCE Deals | Suomi\" \/>\n<meta property=\"article:modified_time\" content=\"2025-09-19T22:43:02+00:00\" \/>\n<meta property=\"og:image\" content=\"https:\/\/last-chance.fi\/wp-content\/uploads\/2024\/06\/1TBSC1w-1.png\" \/>\n\t<meta property=\"og:image:width\" content=\"729\" \/>\n\t<meta property=\"og:image:height\" content=\"611\" \/>\n\t<meta property=\"og:image:type\" content=\"image\/png\" \/>\n<meta name=\"twitter:card\" content=\"summary_large_image\" \/>\n<meta name=\"twitter:label1\" content=\"Arvioitu lukuaika\" \/>\n\t<meta name=\"twitter:data1\" content=\"1 minuutti\" \/>\n<script type=\"application\/ld+json\" class=\"yoast-schema-graph\">{\"@context\":\"https:\/\/schema.org\",\"@graph\":[{\"@type\":\"WebPage\",\"@id\":\"https:\/\/last-chance.fi\/?product=20-paria-kertakayttoisia-sukkia-unisex-miehille-ja-naisille-lyhyt-valkoinen-koko-43-47-primavera\",\"url\":\"https:\/\/last-chance.fi\/?product=20-paria-kertakayttoisia-sukkia-unisex-miehille-ja-naisille-lyhyt-valkoinen-koko-43-47-primavera\",\"name\":\"20 paria kertak\u00e4ytt\u00f6isi\u00e4 sukkia, unisex miehille ja naisille (lyhyt, valkoinen) koko 43-47 Primavera - LASTCHANCE Deals | Suomi\",\"isPartOf\":{\"@id\":\"https:\/\/last-chance.fi\/#website\"},\"primaryImageOfPage\":{\"@id\":\"https:\/\/last-chance.fi\/?product=20-paria-kertakayttoisia-sukkia-unisex-miehille-ja-naisille-lyhyt-valkoinen-koko-43-47-primavera#primaryimage\"},\"image\":{\"@id\":\"https:\/\/last-chance.fi\/?product=20-paria-kertakayttoisia-sukkia-unisex-miehille-ja-naisille-lyhyt-valkoinen-koko-43-47-primavera#primaryimage\"},\"thumbnailUrl\":\"https:\/\/last-chance.fi\/wp-content\/uploads\/2024\/06\/1TBSC1w-1.png\",\"datePublished\":\"2024-06-26T19:55:13+00:00\",\"dateModified\":\"2025-09-19T22:43:02+00:00\",\"breadcrumb\":{\"@id\":\"https:\/\/last-chance.fi\/?product=20-paria-kertakayttoisia-sukkia-unisex-miehille-ja-naisille-lyhyt-valkoinen-koko-43-47-primavera#breadcrumb\"},\"inLanguage\":\"fi\",\"potentialAction\":[{\"@type\":\"ReadAction\",\"target\":[\"https:\/\/last-chance.fi\/?product=20-paria-kertakayttoisia-sukkia-unisex-miehille-ja-naisille-lyhyt-valkoinen-koko-43-47-primavera\"]}]},{\"@type\":\"ImageObject\",\"inLanguage\":\"fi\",\"@id\":\"https:\/\/last-chance.fi\/?product=20-paria-kertakayttoisia-sukkia-unisex-miehille-ja-naisille-lyhyt-valkoinen-koko-43-47-primavera#primaryimage\",\"url\":\"https:\/\/last-chance.fi\/wp-content\/uploads\/2024\/06\/1TBSC1w-1.png\",\"contentUrl\":\"https:\/\/last-chance.fi\/wp-content\/uploads\/2024\/06\/1TBSC1w-1.png\",\"width\":729,\"height\":611},{\"@type\":\"BreadcrumbList\",\"@id\":\"https:\/\/last-chance.fi\/?product=20-paria-kertakayttoisia-sukkia-unisex-miehille-ja-naisille-lyhyt-valkoinen-koko-43-47-primavera#breadcrumb\",\"itemListElement\":[{\"@type\":\"ListItem\",\"position\":1,\"name\":\"Home\",\"item\":\"https:\/\/last-chance.fi\/\"},{\"@type\":\"ListItem\",\"position\":2,\"name\":\"20 paria kertak\u00e4ytt\u00f6isi\u00e4 sukkia, unisex miehille ja naisille (lyhyt, valkoinen) koko 43-47 Primavera\"}]},{\"@type\":\"WebSite\",\"@id\":\"https:\/\/last-chance.fi\/#website\",\"url\":\"https:\/\/last-chance.fi\/\",\"name\":\"LASTCHANCE Deals | Suomi\",\"description\":\"LASTCHANCE Deals | Suomi\",\"publisher\":{\"@id\":\"https:\/\/last-chance.fi\/#organization\"},\"potentialAction\":[{\"@type\":\"SearchAction\",\"target\":{\"@type\":\"EntryPoint\",\"urlTemplate\":\"https:\/\/last-chance.fi\/?s={search_term_string}\"},\"query-input\":{\"@type\":\"PropertyValueSpecification\",\"valueRequired\":true,\"valueName\":\"search_term_string\"}}],\"inLanguage\":\"fi\"},{\"@type\":\"Organization\",\"@id\":\"https:\/\/last-chance.fi\/#organization\",\"name\":\"LASTCHANCE Deals | Suomi\",\"url\":\"https:\/\/last-chance.fi\/\",\"logo\":{\"@type\":\"ImageObject\",\"inLanguage\":\"fi\",\"@id\":\"https:\/\/last-chance.fi\/#\/schema\/logo\/image\/\",\"url\":\"https:\/\/last-chance.fi\/wp-content\/uploads\/2023\/10\/lastchancedeals_logo_fi_white-1.png\",\"contentUrl\":\"https:\/\/last-chance.fi\/wp-content\/uploads\/2023\/10\/lastchancedeals_logo_fi_white-1.png\",\"width\":470,\"height\":110,\"caption\":\"LASTCHANCE Deals | Suomi\"},\"image\":{\"@id\":\"https:\/\/last-chance.fi\/#\/schema\/logo\/image\/\"}}]}<\/script>\n<!-- \/ Yoast SEO plugin. -->","yoast_head_json":{"title":"20 paria kertak\u00e4ytt\u00f6isi\u00e4 sukkia, unisex miehille ja naisille (lyhyt, valkoinen) koko 43-47 Primavera - LASTCHANCE Deals | Suomi","robots":{"index":"index","follow":"follow","max-snippet":"max-snippet:-1","max-image-preview":"max-image-preview:large","max-video-preview":"max-video-preview:-1"},"canonical":"https:\/\/last-chance.fi\/?product=20-paria-kertakayttoisia-sukkia-unisex-miehille-ja-naisille-lyhyt-valkoinen-koko-43-47-primavera","og_locale":"fi_FI","og_type":"article","og_title":"20 paria kertak\u00e4ytt\u00f6isi\u00e4 sukkia, unisex miehille ja naisille (lyhyt, valkoinen) koko 43-47 Primavera - LASTCHANCE Deals | Suomi","og_description":"20 paria kertak\u00e4ytt\u00f6isi\u00e4 sukkia, unisex miehille tai naisille (lyhyet, valkoiset), koko 43-47 Primavera 20 paria kertak\u00e4ytt\u00f6isi\u00e4 sukkia, unisex miehille tai naisille, loistavat matkoille tai pitk\u00e4lle retkelle Koko: 43-47 V\u00e4ri: Valkoinen Tyyli: Lyhyet M\u00e4\u00e4r\u00e4: 20 paria Merkki: Eurofashion Materiaali: 80% puuvillaa, 17% polyamidia, 3% elastaania Toimitusaika: 7-10 arkip\u00e4iv\u00e4\u00e4 N\u00e4m\u00e4 kertak\u00e4ytt\u00f6sukat ovat t\u00e4ydellinen valinta niille, jotka arvostavat [&hellip;]","og_url":"https:\/\/last-chance.fi\/?product=20-paria-kertakayttoisia-sukkia-unisex-miehille-ja-naisille-lyhyt-valkoinen-koko-43-47-primavera","og_site_name":"LASTCHANCE Deals | Suomi","article_modified_time":"2025-09-19T22:43:02+00:00","og_image":[{"width":729,"height":611,"url":"https:\/\/last-chance.fi\/wp-content\/uploads\/2024\/06\/1TBSC1w-1.png","type":"image\/png"}],"twitter_card":"summary_large_image","twitter_misc":{"Arvioitu lukuaika":"1 minuutti"},"schema":{"@context":"https:\/\/schema.org","@graph":[{"@type":"WebPage","@id":"https:\/\/last-chance.fi\/?product=20-paria-kertakayttoisia-sukkia-unisex-miehille-ja-naisille-lyhyt-valkoinen-koko-43-47-primavera","url":"https:\/\/last-chance.fi\/?product=20-paria-kertakayttoisia-sukkia-unisex-miehille-ja-naisille-lyhyt-valkoinen-koko-43-47-primavera","name":"20 paria kertak\u00e4ytt\u00f6isi\u00e4 sukkia, unisex miehille ja naisille (lyhyt, valkoinen) koko 43-47 Primavera - LASTCHANCE Deals | Suomi","isPartOf":{"@id":"https:\/\/last-chance.fi\/#website"},"primaryImageOfPage":{"@id":"https:\/\/last-chance.fi\/?product=20-paria-kertakayttoisia-sukkia-unisex-miehille-ja-naisille-lyhyt-valkoinen-koko-43-47-primavera#primaryimage"},"image":{"@id":"https:\/\/last-chance.fi\/?product=20-paria-kertakayttoisia-sukkia-unisex-miehille-ja-naisille-lyhyt-valkoinen-koko-43-47-primavera#primaryimage"},"thumbnailUrl":"https:\/\/last-chance.fi\/wp-content\/uploads\/2024\/06\/1TBSC1w-1.png","datePublished":"2024-06-26T19:55:13+00:00","dateModified":"2025-09-19T22:43:02+00:00","breadcrumb":{"@id":"https:\/\/last-chance.fi\/?product=20-paria-kertakayttoisia-sukkia-unisex-miehille-ja-naisille-lyhyt-valkoinen-koko-43-47-primavera#breadcrumb"},"inLanguage":"fi","potentialAction":[{"@type":"ReadAction","target":["https:\/\/last-chance.fi\/?product=20-paria-kertakayttoisia-sukkia-unisex-miehille-ja-naisille-lyhyt-valkoinen-koko-43-47-primavera"]}]},{"@type":"ImageObject","inLanguage":"fi","@id":"https:\/\/last-chance.fi\/?product=20-paria-kertakayttoisia-sukkia-unisex-miehille-ja-naisille-lyhyt-valkoinen-koko-43-47-primavera#primaryimage","url":"https:\/\/last-chance.fi\/wp-content\/uploads\/2024\/06\/1TBSC1w-1.png","contentUrl":"https:\/\/last-chance.fi\/wp-content\/uploads\/2024\/06\/1TBSC1w-1.png","width":729,"height":611},{"@type":"BreadcrumbList","@id":"https:\/\/last-chance.fi\/?product=20-paria-kertakayttoisia-sukkia-unisex-miehille-ja-naisille-lyhyt-valkoinen-koko-43-47-primavera#breadcrumb","itemListElement":[{"@type":"ListItem","position":1,"name":"Home","item":"https:\/\/last-chance.fi\/"},{"@type":"ListItem","position":2,"name":"20 paria kertak\u00e4ytt\u00f6isi\u00e4 sukkia, unisex miehille ja naisille (lyhyt, valkoinen) koko 43-47 Primavera"}]},{"@type":"WebSite","@id":"https:\/\/last-chance.fi\/#website","url":"https:\/\/last-chance.fi\/","name":"LASTCHANCE Deals | Suomi","description":"LASTCHANCE Deals | Suomi","publisher":{"@id":"https:\/\/last-chance.fi\/#organization"},"potentialAction":[{"@type":"SearchAction","target":{"@type":"EntryPoint","urlTemplate":"https:\/\/last-chance.fi\/?s={search_term_string}"},"query-input":{"@type":"PropertyValueSpecification","valueRequired":true,"valueName":"search_term_string"}}],"inLanguage":"fi"},{"@type":"Organization","@id":"https:\/\/last-chance.fi\/#organization","name":"LASTCHANCE Deals | Suomi","url":"https:\/\/last-chance.fi\/","logo":{"@type":"ImageObject","inLanguage":"fi","@id":"https:\/\/last-chance.fi\/#\/schema\/logo\/image\/","url":"https:\/\/last-chance.fi\/wp-content\/uploads\/2023\/10\/lastchancedeals_logo_fi_white-1.png","contentUrl":"https:\/\/last-chance.fi\/wp-content\/uploads\/2023\/10\/lastchancedeals_logo_fi_white-1.png","width":470,"height":110,"caption":"LASTCHANCE Deals | Suomi"},"image":{"@id":"https:\/\/last-chance.fi\/#\/schema\/logo\/image\/"}}]}},"_links":{"self":[{"href":"https:\/\/last-chance.fi\/index.php?rest_route=\/wp\/v2\/product\/15820","targetHints":{"allow":["GET"]}}],"collection":[{"href":"https:\/\/last-chance.fi\/index.php?rest_route=\/wp\/v2\/product"}],"about":[{"href":"https:\/\/last-chance.fi\/index.php?rest_route=\/wp\/v2\/types\/product"}],"replies":[{"embeddable":true,"href":"https:\/\/last-chance.fi\/index.php?rest_route=%2Fwp%2Fv2%2Fcomments&post=15820"}],"wp:featuredmedia":[{"embeddable":true,"href":"https:\/\/last-chance.fi\/index.php?rest_route=\/wp\/v2\/media\/15817"}],"wp:attachment":[{"href":"https:\/\/last-chance.fi\/index.php?rest_route=%2Fwp%2Fv2%2Fmedia&parent=15820"}],"wp:term":[{"taxonomy":"product_brand","embeddable":true,"href":"https:\/\/last-chance.fi\/index.php?rest_route=%2Fwp%2Fv2%2Fproduct_brand&post=15820"},{"taxonomy":"product_cat","embeddable":true,"href":"https:\/\/last-chance.fi\/index.php?rest_route=%2Fwp%2Fv2%2Fproduct_cat&post=15820"},{"taxonomy":"product_tag","embeddable":true,"href":"https:\/\/last-chance.fi\/index.php?rest_route=%2Fwp%2Fv2%2Fproduct_tag&post=15820"}],"curies":[{"name":"wp","href":"https:\/\/api.w.org\/{rel}","templated":true}]}}