{"id":15800,"date":"2024-06-26T22:50:04","date_gmt":"2024-06-26T19:50:04","guid":{"rendered":"https:\/\/www.lastchance.deals\/fi\/tuote\/20-paria-kertakayttoisia-sukkia-unisex-miehille-tai-naisille-lyhyt-musta-koko-35-42-easemore\/"},"modified":"2026-02-03T11:44:11","modified_gmt":"2026-02-03T09:44:11","slug":"20-paria-kertakayttoisia-sukkia-unisex-miehille-tai-naisille-lyhyt-musta-koko-35-42-easemore","status":"publish","type":"product","link":"https:\/\/last-chance.fi\/?product=20-paria-kertakayttoisia-sukkia-unisex-miehille-tai-naisille-lyhyt-musta-koko-35-42-easemore","title":{"rendered":"20 paria kertak\u00e4ytt\u00f6isi\u00e4 sukkia, unisex miehille tai naisille (lyhyt, musta) koko 35-42 Easemore"},"content":{"rendered":"<p>20 paria kertak\u00e4ytt\u00f6isi\u00e4 \/ kertak\u00e4ytt\u00f6isi\u00e4 sukkia, unisex miehille tai naisille (lyhyt, musta) ensikoon 35-42, Easemore<\/p>\n<p><\/p>\n<p>20 paria kertak\u00e4ytt\u00f6isi\u00e4 \/ kertak\u00e4ytt\u00f6isi\u00e4 sukkia, unisex miehille tai naisille , Ihanteellinen matkustamiseen tai pitkille matkoille<br \/>\nKoko: 35-42<br \/>\nV\u00e4ri: Musta<br \/>\nTyyli: Lyhyt<br \/>\nM\u00e4\u00e4r\u00e4: 20 paria<br \/>\nMerkki: Eurofashion<\/p>\n<p><\/p>\n<p>Materiaali: 80% Puuvillaa, 17% Polyamidia, 3% Elastaania<br \/>\n<b> Toimitusaika: 7-10 arkip\u00e4iv\u00e4\u00e4<\/b><\/p>\n","protected":false},"excerpt":{"rendered":"<p>20 paria kertak\u00e4ytt\u00f6isi\u00e4 \/ kertak\u00e4ytt\u00f6isi\u00e4 sukkia, unisex miehille tai naisille (lyhyt, musta) ensikoon 35-42, Easemore 20 paria kertak\u00e4ytt\u00f6isi\u00e4 \/ kertak\u00e4ytt\u00f6isi\u00e4 sukkia, unisex miehille tai naisille , Ihanteellinen matkustamiseen tai pitkille matkoille Koko: 35-42 V\u00e4ri: Musta Tyyli: Lyhyt M\u00e4\u00e4r\u00e4: 20 paria Merkki: Eurofashion Materiaali: 80% Puuvillaa, 17% Polyamidia, 3% Elastaania Toimitusaika: 7-10 arkip\u00e4iv\u00e4\u00e4<\/p>\n","protected":false},"featured_media":15797,"comment_status":"open","ping_status":"closed","template":"","meta":[],"product_brand":[],"product_cat":[248],"product_tag":[],"class_list":{"0":"post-15800","1":"product","2":"type-product","3":"status-publish","4":"has-post-thumbnail","6":"product_cat-matkatarvikkeet","8":"first","9":"instock","10":"shipping-taxable","11":"purchasable","12":"product-type-simple"},"yoast_head":"<!-- This site is optimized with the Yoast SEO plugin v23.8 - https:\/\/yoast.com\/wordpress\/plugins\/seo\/ -->\n<title>20 paria kertak\u00e4ytt\u00f6isi\u00e4 sukkia, unisex miehille tai naisille (lyhyt, musta) koko 35-42 Easemore - LASTCHANCE Deals | Suomi<\/title>\n<meta name=\"robots\" content=\"index, follow, max-snippet:-1, max-image-preview:large, max-video-preview:-1\" \/>\n<link rel=\"canonical\" href=\"https:\/\/last-chance.fi\/?product=20-paria-kertakayttoisia-sukkia-unisex-miehille-tai-naisille-lyhyt-musta-koko-35-42-easemore\" \/>\n<meta property=\"og:locale\" content=\"fi_FI\" \/>\n<meta property=\"og:type\" content=\"article\" \/>\n<meta property=\"og:title\" content=\"20 paria kertak\u00e4ytt\u00f6isi\u00e4 sukkia, unisex miehille tai naisille (lyhyt, musta) koko 35-42 Easemore - LASTCHANCE Deals | Suomi\" \/>\n<meta property=\"og:description\" content=\"20 paria kertak\u00e4ytt\u00f6isi\u00e4 \/ kertak\u00e4ytt\u00f6isi\u00e4 sukkia, unisex miehille tai naisille (lyhyt, musta) ensikoon 35-42, Easemore 20 paria kertak\u00e4ytt\u00f6isi\u00e4 \/ kertak\u00e4ytt\u00f6isi\u00e4 sukkia, unisex miehille tai naisille , Ihanteellinen matkustamiseen tai pitkille matkoille Koko: 35-42 V\u00e4ri: Musta Tyyli: Lyhyt M\u00e4\u00e4r\u00e4: 20 paria Merkki: Eurofashion Materiaali: 80% Puuvillaa, 17% Polyamidia, 3% Elastaania Toimitusaika: 7-10 arkip\u00e4iv\u00e4\u00e4\" \/>\n<meta property=\"og:url\" content=\"https:\/\/last-chance.fi\/?product=20-paria-kertakayttoisia-sukkia-unisex-miehille-tai-naisille-lyhyt-musta-koko-35-42-easemore\" \/>\n<meta property=\"og:site_name\" content=\"LASTCHANCE Deals | Suomi\" \/>\n<meta property=\"article:modified_time\" content=\"2026-02-03T09:44:11+00:00\" \/>\n<meta property=\"og:image\" content=\"https:\/\/last-chance.fi\/wp-content\/uploads\/2024\/06\/1TBSC1b.png\" \/>\n\t<meta property=\"og:image:width\" content=\"728\" \/>\n\t<meta property=\"og:image:height\" content=\"593\" \/>\n\t<meta property=\"og:image:type\" content=\"image\/png\" \/>\n<meta name=\"twitter:card\" content=\"summary_large_image\" \/>\n<script type=\"application\/ld+json\" class=\"yoast-schema-graph\">{\"@context\":\"https:\/\/schema.org\",\"@graph\":[{\"@type\":\"WebPage\",\"@id\":\"https:\/\/last-chance.fi\/?product=20-paria-kertakayttoisia-sukkia-unisex-miehille-tai-naisille-lyhyt-musta-koko-35-42-easemore\",\"url\":\"https:\/\/last-chance.fi\/?product=20-paria-kertakayttoisia-sukkia-unisex-miehille-tai-naisille-lyhyt-musta-koko-35-42-easemore\",\"name\":\"20 paria kertak\u00e4ytt\u00f6isi\u00e4 sukkia, unisex miehille tai naisille (lyhyt, musta) koko 35-42 Easemore - LASTCHANCE Deals | Suomi\",\"isPartOf\":{\"@id\":\"https:\/\/last-chance.fi\/#website\"},\"primaryImageOfPage\":{\"@id\":\"https:\/\/last-chance.fi\/?product=20-paria-kertakayttoisia-sukkia-unisex-miehille-tai-naisille-lyhyt-musta-koko-35-42-easemore#primaryimage\"},\"image\":{\"@id\":\"https:\/\/last-chance.fi\/?product=20-paria-kertakayttoisia-sukkia-unisex-miehille-tai-naisille-lyhyt-musta-koko-35-42-easemore#primaryimage\"},\"thumbnailUrl\":\"https:\/\/last-chance.fi\/wp-content\/uploads\/2024\/06\/1TBSC1b.png\",\"datePublished\":\"2024-06-26T19:50:04+00:00\",\"dateModified\":\"2026-02-03T09:44:11+00:00\",\"breadcrumb\":{\"@id\":\"https:\/\/last-chance.fi\/?product=20-paria-kertakayttoisia-sukkia-unisex-miehille-tai-naisille-lyhyt-musta-koko-35-42-easemore#breadcrumb\"},\"inLanguage\":\"fi\",\"potentialAction\":[{\"@type\":\"ReadAction\",\"target\":[\"https:\/\/last-chance.fi\/?product=20-paria-kertakayttoisia-sukkia-unisex-miehille-tai-naisille-lyhyt-musta-koko-35-42-easemore\"]}]},{\"@type\":\"ImageObject\",\"inLanguage\":\"fi\",\"@id\":\"https:\/\/last-chance.fi\/?product=20-paria-kertakayttoisia-sukkia-unisex-miehille-tai-naisille-lyhyt-musta-koko-35-42-easemore#primaryimage\",\"url\":\"https:\/\/last-chance.fi\/wp-content\/uploads\/2024\/06\/1TBSC1b.png\",\"contentUrl\":\"https:\/\/last-chance.fi\/wp-content\/uploads\/2024\/06\/1TBSC1b.png\",\"width\":728,\"height\":593},{\"@type\":\"BreadcrumbList\",\"@id\":\"https:\/\/last-chance.fi\/?product=20-paria-kertakayttoisia-sukkia-unisex-miehille-tai-naisille-lyhyt-musta-koko-35-42-easemore#breadcrumb\",\"itemListElement\":[{\"@type\":\"ListItem\",\"position\":1,\"name\":\"Home\",\"item\":\"https:\/\/last-chance.fi\/\"},{\"@type\":\"ListItem\",\"position\":2,\"name\":\"20 paria kertak\u00e4ytt\u00f6isi\u00e4 sukkia, unisex miehille tai naisille (lyhyt, musta) koko 35-42 Easemore\"}]},{\"@type\":\"WebSite\",\"@id\":\"https:\/\/last-chance.fi\/#website\",\"url\":\"https:\/\/last-chance.fi\/\",\"name\":\"LASTCHANCE Deals | Suomi\",\"description\":\"LASTCHANCE Deals | Suomi\",\"publisher\":{\"@id\":\"https:\/\/last-chance.fi\/#organization\"},\"potentialAction\":[{\"@type\":\"SearchAction\",\"target\":{\"@type\":\"EntryPoint\",\"urlTemplate\":\"https:\/\/last-chance.fi\/?s={search_term_string}\"},\"query-input\":{\"@type\":\"PropertyValueSpecification\",\"valueRequired\":true,\"valueName\":\"search_term_string\"}}],\"inLanguage\":\"fi\"},{\"@type\":\"Organization\",\"@id\":\"https:\/\/last-chance.fi\/#organization\",\"name\":\"LASTCHANCE Deals | Suomi\",\"url\":\"https:\/\/last-chance.fi\/\",\"logo\":{\"@type\":\"ImageObject\",\"inLanguage\":\"fi\",\"@id\":\"https:\/\/last-chance.fi\/#\/schema\/logo\/image\/\",\"url\":\"https:\/\/last-chance.fi\/wp-content\/uploads\/2023\/10\/lastchancedeals_logo_fi_white-1.png\",\"contentUrl\":\"https:\/\/last-chance.fi\/wp-content\/uploads\/2023\/10\/lastchancedeals_logo_fi_white-1.png\",\"width\":470,\"height\":110,\"caption\":\"LASTCHANCE Deals | Suomi\"},\"image\":{\"@id\":\"https:\/\/last-chance.fi\/#\/schema\/logo\/image\/\"}}]}<\/script>\n<!-- \/ Yoast SEO plugin. -->","yoast_head_json":{"title":"20 paria kertak\u00e4ytt\u00f6isi\u00e4 sukkia, unisex miehille tai naisille (lyhyt, musta) koko 35-42 Easemore - LASTCHANCE Deals | Suomi","robots":{"index":"index","follow":"follow","max-snippet":"max-snippet:-1","max-image-preview":"max-image-preview:large","max-video-preview":"max-video-preview:-1"},"canonical":"https:\/\/last-chance.fi\/?product=20-paria-kertakayttoisia-sukkia-unisex-miehille-tai-naisille-lyhyt-musta-koko-35-42-easemore","og_locale":"fi_FI","og_type":"article","og_title":"20 paria kertak\u00e4ytt\u00f6isi\u00e4 sukkia, unisex miehille tai naisille (lyhyt, musta) koko 35-42 Easemore - LASTCHANCE Deals | Suomi","og_description":"20 paria kertak\u00e4ytt\u00f6isi\u00e4 \/ kertak\u00e4ytt\u00f6isi\u00e4 sukkia, unisex miehille tai naisille (lyhyt, musta) ensikoon 35-42, Easemore 20 paria kertak\u00e4ytt\u00f6isi\u00e4 \/ kertak\u00e4ytt\u00f6isi\u00e4 sukkia, unisex miehille tai naisille , Ihanteellinen matkustamiseen tai pitkille matkoille Koko: 35-42 V\u00e4ri: Musta Tyyli: Lyhyt M\u00e4\u00e4r\u00e4: 20 paria Merkki: Eurofashion Materiaali: 80% Puuvillaa, 17% Polyamidia, 3% Elastaania Toimitusaika: 7-10 arkip\u00e4iv\u00e4\u00e4","og_url":"https:\/\/last-chance.fi\/?product=20-paria-kertakayttoisia-sukkia-unisex-miehille-tai-naisille-lyhyt-musta-koko-35-42-easemore","og_site_name":"LASTCHANCE Deals | Suomi","article_modified_time":"2026-02-03T09:44:11+00:00","og_image":[{"width":728,"height":593,"url":"https:\/\/last-chance.fi\/wp-content\/uploads\/2024\/06\/1TBSC1b.png","type":"image\/png"}],"twitter_card":"summary_large_image","schema":{"@context":"https:\/\/schema.org","@graph":[{"@type":"WebPage","@id":"https:\/\/last-chance.fi\/?product=20-paria-kertakayttoisia-sukkia-unisex-miehille-tai-naisille-lyhyt-musta-koko-35-42-easemore","url":"https:\/\/last-chance.fi\/?product=20-paria-kertakayttoisia-sukkia-unisex-miehille-tai-naisille-lyhyt-musta-koko-35-42-easemore","name":"20 paria kertak\u00e4ytt\u00f6isi\u00e4 sukkia, unisex miehille tai naisille (lyhyt, musta) koko 35-42 Easemore - LASTCHANCE Deals | Suomi","isPartOf":{"@id":"https:\/\/last-chance.fi\/#website"},"primaryImageOfPage":{"@id":"https:\/\/last-chance.fi\/?product=20-paria-kertakayttoisia-sukkia-unisex-miehille-tai-naisille-lyhyt-musta-koko-35-42-easemore#primaryimage"},"image":{"@id":"https:\/\/last-chance.fi\/?product=20-paria-kertakayttoisia-sukkia-unisex-miehille-tai-naisille-lyhyt-musta-koko-35-42-easemore#primaryimage"},"thumbnailUrl":"https:\/\/last-chance.fi\/wp-content\/uploads\/2024\/06\/1TBSC1b.png","datePublished":"2024-06-26T19:50:04+00:00","dateModified":"2026-02-03T09:44:11+00:00","breadcrumb":{"@id":"https:\/\/last-chance.fi\/?product=20-paria-kertakayttoisia-sukkia-unisex-miehille-tai-naisille-lyhyt-musta-koko-35-42-easemore#breadcrumb"},"inLanguage":"fi","potentialAction":[{"@type":"ReadAction","target":["https:\/\/last-chance.fi\/?product=20-paria-kertakayttoisia-sukkia-unisex-miehille-tai-naisille-lyhyt-musta-koko-35-42-easemore"]}]},{"@type":"ImageObject","inLanguage":"fi","@id":"https:\/\/last-chance.fi\/?product=20-paria-kertakayttoisia-sukkia-unisex-miehille-tai-naisille-lyhyt-musta-koko-35-42-easemore#primaryimage","url":"https:\/\/last-chance.fi\/wp-content\/uploads\/2024\/06\/1TBSC1b.png","contentUrl":"https:\/\/last-chance.fi\/wp-content\/uploads\/2024\/06\/1TBSC1b.png","width":728,"height":593},{"@type":"BreadcrumbList","@id":"https:\/\/last-chance.fi\/?product=20-paria-kertakayttoisia-sukkia-unisex-miehille-tai-naisille-lyhyt-musta-koko-35-42-easemore#breadcrumb","itemListElement":[{"@type":"ListItem","position":1,"name":"Home","item":"https:\/\/last-chance.fi\/"},{"@type":"ListItem","position":2,"name":"20 paria kertak\u00e4ytt\u00f6isi\u00e4 sukkia, unisex miehille tai naisille (lyhyt, musta) koko 35-42 Easemore"}]},{"@type":"WebSite","@id":"https:\/\/last-chance.fi\/#website","url":"https:\/\/last-chance.fi\/","name":"LASTCHANCE Deals | Suomi","description":"LASTCHANCE Deals | Suomi","publisher":{"@id":"https:\/\/last-chance.fi\/#organization"},"potentialAction":[{"@type":"SearchAction","target":{"@type":"EntryPoint","urlTemplate":"https:\/\/last-chance.fi\/?s={search_term_string}"},"query-input":{"@type":"PropertyValueSpecification","valueRequired":true,"valueName":"search_term_string"}}],"inLanguage":"fi"},{"@type":"Organization","@id":"https:\/\/last-chance.fi\/#organization","name":"LASTCHANCE Deals | Suomi","url":"https:\/\/last-chance.fi\/","logo":{"@type":"ImageObject","inLanguage":"fi","@id":"https:\/\/last-chance.fi\/#\/schema\/logo\/image\/","url":"https:\/\/last-chance.fi\/wp-content\/uploads\/2023\/10\/lastchancedeals_logo_fi_white-1.png","contentUrl":"https:\/\/last-chance.fi\/wp-content\/uploads\/2023\/10\/lastchancedeals_logo_fi_white-1.png","width":470,"height":110,"caption":"LASTCHANCE Deals | Suomi"},"image":{"@id":"https:\/\/last-chance.fi\/#\/schema\/logo\/image\/"}}]}},"_links":{"self":[{"href":"https:\/\/last-chance.fi\/index.php?rest_route=\/wp\/v2\/product\/15800","targetHints":{"allow":["GET"]}}],"collection":[{"href":"https:\/\/last-chance.fi\/index.php?rest_route=\/wp\/v2\/product"}],"about":[{"href":"https:\/\/last-chance.fi\/index.php?rest_route=\/wp\/v2\/types\/product"}],"replies":[{"embeddable":true,"href":"https:\/\/last-chance.fi\/index.php?rest_route=%2Fwp%2Fv2%2Fcomments&post=15800"}],"wp:featuredmedia":[{"embeddable":true,"href":"https:\/\/last-chance.fi\/index.php?rest_route=\/wp\/v2\/media\/15797"}],"wp:attachment":[{"href":"https:\/\/last-chance.fi\/index.php?rest_route=%2Fwp%2Fv2%2Fmedia&parent=15800"}],"wp:term":[{"taxonomy":"product_brand","embeddable":true,"href":"https:\/\/last-chance.fi\/index.php?rest_route=%2Fwp%2Fv2%2Fproduct_brand&post=15800"},{"taxonomy":"product_cat","embeddable":true,"href":"https:\/\/last-chance.fi\/index.php?rest_route=%2Fwp%2Fv2%2Fproduct_cat&post=15800"},{"taxonomy":"product_tag","embeddable":true,"href":"https:\/\/last-chance.fi\/index.php?rest_route=%2Fwp%2Fv2%2Fproduct_tag&post=15800"}],"curies":[{"name":"wp","href":"https:\/\/api.w.org\/{rel}","templated":true}]}}