{"id":15788,"date":"2024-06-26T22:47:27","date_gmt":"2024-06-26T19:47:27","guid":{"rendered":"https:\/\/www.lastchance.deals\/fi\/tuote\/20-paria-kertakayttoisia-sukkia-unisex-miehille-tai-naisille-pitkat-harmaat-koko-43-47-avorio\/"},"modified":"2025-09-20T01:43:58","modified_gmt":"2025-09-19T22:43:58","slug":"20-paria-kertakayttoisia-sukkia-unisex-miehille-tai-naisille-pitkat-harmaat-koko-43-47-avorio","status":"publish","type":"product","link":"https:\/\/last-chance.fi\/?product=20-paria-kertakayttoisia-sukkia-unisex-miehille-tai-naisille-pitkat-harmaat-koko-43-47-avorio","title":{"rendered":"20 paria kertak\u00e4ytt\u00f6isi\u00e4 sukkia, unisex miehille tai naisille (pitk\u00e4t, harmaat) koko 43-47 Avorio"},"content":{"rendered":"<p>20 paria kertak\u00e4ytt\u00f6isi\u00e4, unisex-sukkia miehille tai naisille (Pitk\u00e4, Harmaa) 43-47 koko Avorio<\/p>\n<p><\/p>\n<p>20 paria kertak\u00e4ytt\u00f6isi\u00e4, unisex-sukkia miehille tai naisille &#8211; t\u00e4ydellinen matkustamiseen tai pitk\u00e4lle matkalle<br \/>\nKoko: 43-47<br \/>\nV\u00e4ri: Harmaa<br \/>\nTyyli: Pitk\u00e4<br \/>\nM\u00e4\u00e4r\u00e4: 20 paria<br \/>\nBr\u00e4ndi: Eurofashion<\/p>\n<p><\/p>\n<p>Materiaali: 80% Puuvillaa, 17% Polyamidia, 3% Elastaania<br \/>\n<b> Toimitusaika: 7-10 arkip\u00e4iv\u00e4\u00e4<\/b><\/p>\n<p><\/p>\n<p> N\u00e4m\u00e4 laadukkaat Eurofashion-sukat ovat ihanteellinen valinta niille, jotka arvostavat mukavuutta ja k\u00e4yt\u00e4nn\u00f6llisyytt\u00e4. Jokaisessa paketissa on 20 paria pitki\u00e4, harmaans\u00e4vyisi\u00e4 sukkia, jotka sopivat sek\u00e4 miehille ett\u00e4 naisille. Koko sopii jalan kokoille 43 \u2013 47.<\/p>\n<p><\/p>\n<p> Sukat on valmistettu 80 %:sti puuvillasta, mik\u00e4 tekee niist\u00e4 miellytt\u00e4v\u00e4n tuntuiset ja hengitt\u00e4v\u00e4t. Mukavuutta lis\u00e4\u00e4v\u00e4t 17 % polyamidi ja 3 % elastaani, jotka tekev\u00e4t sukista joustavat ja miellytt\u00e4v\u00e4t pit\u00e4\u00e4 jalassa.<\/p>\n<p><\/p>\n<p>Sukat ovat kertak\u00e4ytt\u00f6iset, joka tekee niist\u00e4 k\u00e4tev\u00e4t matkustaessa tai pitkill\u00e4 reissuilla. Unelmoi en\u00e4\u00e4 matkalaukun ylikuormittumisesta likaisilla sukilla, kun voit ottaa mukaan kertak\u00e4ytt\u00f6isi\u00e4 sukkia ja heitt\u00e4\u00e4 ne pois k\u00e4yt\u00f6n j\u00e4lkeen! T\u00e4m\u00e4 tuote tarjoaa sek\u00e4 tyyli\u00e4 ett\u00e4 toiminnallisuutta, joka sopii jokaisen viihtyisyyden tarpeisiin.<\/p>\n<p><\/p>\n<p>Toimitusaika on 7-10 arkip\u00e4iv\u00e4\u00e4. N\u00e4m\u00e4 sukat ovat pakollinen lis\u00e4 jokaisen matkustavan henkil\u00f6n pakkaukseen!<\/p>\n","protected":false},"excerpt":{"rendered":"<p>20 paria kertak\u00e4ytt\u00f6isi\u00e4, unisex-sukkia miehille tai naisille (Pitk\u00e4, Harmaa) 43-47 koko Avorio 20 paria kertak\u00e4ytt\u00f6isi\u00e4, unisex-sukkia miehille tai naisille &#8211; t\u00e4ydellinen matkustamiseen tai pitk\u00e4lle matkalle Koko: 43-47 V\u00e4ri: Harmaa Tyyli: Pitk\u00e4 M\u00e4\u00e4r\u00e4: 20 paria Br\u00e4ndi: Eurofashion Materiaali: 80% Puuvillaa, 17% Polyamidia, 3% Elastaania Toimitusaika: 7-10 arkip\u00e4iv\u00e4\u00e4 N\u00e4m\u00e4 laadukkaat Eurofashion-sukat ovat ihanteellinen valinta niille, jotka arvostavat [&hellip;]<\/p>\n","protected":false},"featured_media":15785,"comment_status":"open","ping_status":"closed","template":"","meta":[],"product_brand":[],"product_cat":[248],"product_tag":[],"class_list":{"0":"post-15788","1":"product","2":"type-product","3":"status-publish","4":"has-post-thumbnail","6":"product_cat-matkatarvikkeet","8":"first","9":"instock","10":"shipping-taxable","11":"purchasable","12":"product-type-simple"},"yoast_head":"<!-- This site is optimized with the Yoast SEO plugin v23.8 - https:\/\/yoast.com\/wordpress\/plugins\/seo\/ -->\n<title>20 paria kertak\u00e4ytt\u00f6isi\u00e4 sukkia, unisex miehille tai naisille (pitk\u00e4t, harmaat) koko 43-47 Avorio - LASTCHANCE Deals | Suomi<\/title>\n<meta name=\"robots\" content=\"index, follow, max-snippet:-1, max-image-preview:large, max-video-preview:-1\" \/>\n<link rel=\"canonical\" href=\"https:\/\/last-chance.fi\/?product=20-paria-kertakayttoisia-sukkia-unisex-miehille-tai-naisille-pitkat-harmaat-koko-43-47-avorio\" \/>\n<meta property=\"og:locale\" content=\"fi_FI\" \/>\n<meta property=\"og:type\" content=\"article\" \/>\n<meta property=\"og:title\" content=\"20 paria kertak\u00e4ytt\u00f6isi\u00e4 sukkia, unisex miehille tai naisille (pitk\u00e4t, harmaat) koko 43-47 Avorio - LASTCHANCE Deals | Suomi\" \/>\n<meta property=\"og:description\" content=\"20 paria kertak\u00e4ytt\u00f6isi\u00e4, unisex-sukkia miehille tai naisille (Pitk\u00e4, Harmaa) 43-47 koko Avorio 20 paria kertak\u00e4ytt\u00f6isi\u00e4, unisex-sukkia miehille tai naisille &#8211; t\u00e4ydellinen matkustamiseen tai pitk\u00e4lle matkalle Koko: 43-47 V\u00e4ri: Harmaa Tyyli: Pitk\u00e4 M\u00e4\u00e4r\u00e4: 20 paria Br\u00e4ndi: Eurofashion Materiaali: 80% Puuvillaa, 17% Polyamidia, 3% Elastaania Toimitusaika: 7-10 arkip\u00e4iv\u00e4\u00e4 N\u00e4m\u00e4 laadukkaat Eurofashion-sukat ovat ihanteellinen valinta niille, jotka arvostavat [&hellip;]\" \/>\n<meta property=\"og:url\" content=\"https:\/\/last-chance.fi\/?product=20-paria-kertakayttoisia-sukkia-unisex-miehille-tai-naisille-pitkat-harmaat-koko-43-47-avorio\" \/>\n<meta property=\"og:site_name\" content=\"LASTCHANCE Deals | Suomi\" \/>\n<meta property=\"article:modified_time\" content=\"2025-09-19T22:43:58+00:00\" \/>\n<meta property=\"og:image\" content=\"https:\/\/last-chance.fi\/wp-content\/uploads\/2024\/06\/1TBSC1BIGg-1.png\" \/>\n\t<meta property=\"og:image:width\" content=\"794\" \/>\n\t<meta property=\"og:image:height\" content=\"685\" \/>\n\t<meta property=\"og:image:type\" content=\"image\/png\" \/>\n<meta name=\"twitter:card\" content=\"summary_large_image\" \/>\n<meta name=\"twitter:label1\" content=\"Arvioitu lukuaika\" \/>\n\t<meta name=\"twitter:data1\" content=\"1 minuutti\" \/>\n<script type=\"application\/ld+json\" class=\"yoast-schema-graph\">{\"@context\":\"https:\/\/schema.org\",\"@graph\":[{\"@type\":\"WebPage\",\"@id\":\"https:\/\/last-chance.fi\/?product=20-paria-kertakayttoisia-sukkia-unisex-miehille-tai-naisille-pitkat-harmaat-koko-43-47-avorio\",\"url\":\"https:\/\/last-chance.fi\/?product=20-paria-kertakayttoisia-sukkia-unisex-miehille-tai-naisille-pitkat-harmaat-koko-43-47-avorio\",\"name\":\"20 paria kertak\u00e4ytt\u00f6isi\u00e4 sukkia, unisex miehille tai naisille (pitk\u00e4t, harmaat) koko 43-47 Avorio - LASTCHANCE Deals | Suomi\",\"isPartOf\":{\"@id\":\"https:\/\/last-chance.fi\/#website\"},\"primaryImageOfPage\":{\"@id\":\"https:\/\/last-chance.fi\/?product=20-paria-kertakayttoisia-sukkia-unisex-miehille-tai-naisille-pitkat-harmaat-koko-43-47-avorio#primaryimage\"},\"image\":{\"@id\":\"https:\/\/last-chance.fi\/?product=20-paria-kertakayttoisia-sukkia-unisex-miehille-tai-naisille-pitkat-harmaat-koko-43-47-avorio#primaryimage\"},\"thumbnailUrl\":\"https:\/\/last-chance.fi\/wp-content\/uploads\/2024\/06\/1TBSC1BIGg-1.png\",\"datePublished\":\"2024-06-26T19:47:27+00:00\",\"dateModified\":\"2025-09-19T22:43:58+00:00\",\"breadcrumb\":{\"@id\":\"https:\/\/last-chance.fi\/?product=20-paria-kertakayttoisia-sukkia-unisex-miehille-tai-naisille-pitkat-harmaat-koko-43-47-avorio#breadcrumb\"},\"inLanguage\":\"fi\",\"potentialAction\":[{\"@type\":\"ReadAction\",\"target\":[\"https:\/\/last-chance.fi\/?product=20-paria-kertakayttoisia-sukkia-unisex-miehille-tai-naisille-pitkat-harmaat-koko-43-47-avorio\"]}]},{\"@type\":\"ImageObject\",\"inLanguage\":\"fi\",\"@id\":\"https:\/\/last-chance.fi\/?product=20-paria-kertakayttoisia-sukkia-unisex-miehille-tai-naisille-pitkat-harmaat-koko-43-47-avorio#primaryimage\",\"url\":\"https:\/\/last-chance.fi\/wp-content\/uploads\/2024\/06\/1TBSC1BIGg-1.png\",\"contentUrl\":\"https:\/\/last-chance.fi\/wp-content\/uploads\/2024\/06\/1TBSC1BIGg-1.png\",\"width\":794,\"height\":685},{\"@type\":\"BreadcrumbList\",\"@id\":\"https:\/\/last-chance.fi\/?product=20-paria-kertakayttoisia-sukkia-unisex-miehille-tai-naisille-pitkat-harmaat-koko-43-47-avorio#breadcrumb\",\"itemListElement\":[{\"@type\":\"ListItem\",\"position\":1,\"name\":\"Home\",\"item\":\"https:\/\/last-chance.fi\/\"},{\"@type\":\"ListItem\",\"position\":2,\"name\":\"20 paria kertak\u00e4ytt\u00f6isi\u00e4 sukkia, unisex miehille tai naisille (pitk\u00e4t, harmaat) koko 43-47 Avorio\"}]},{\"@type\":\"WebSite\",\"@id\":\"https:\/\/last-chance.fi\/#website\",\"url\":\"https:\/\/last-chance.fi\/\",\"name\":\"LASTCHANCE Deals | Suomi\",\"description\":\"LASTCHANCE Deals | Suomi\",\"publisher\":{\"@id\":\"https:\/\/last-chance.fi\/#organization\"},\"potentialAction\":[{\"@type\":\"SearchAction\",\"target\":{\"@type\":\"EntryPoint\",\"urlTemplate\":\"https:\/\/last-chance.fi\/?s={search_term_string}\"},\"query-input\":{\"@type\":\"PropertyValueSpecification\",\"valueRequired\":true,\"valueName\":\"search_term_string\"}}],\"inLanguage\":\"fi\"},{\"@type\":\"Organization\",\"@id\":\"https:\/\/last-chance.fi\/#organization\",\"name\":\"LASTCHANCE Deals | Suomi\",\"url\":\"https:\/\/last-chance.fi\/\",\"logo\":{\"@type\":\"ImageObject\",\"inLanguage\":\"fi\",\"@id\":\"https:\/\/last-chance.fi\/#\/schema\/logo\/image\/\",\"url\":\"https:\/\/last-chance.fi\/wp-content\/uploads\/2023\/10\/lastchancedeals_logo_fi_white-1.png\",\"contentUrl\":\"https:\/\/last-chance.fi\/wp-content\/uploads\/2023\/10\/lastchancedeals_logo_fi_white-1.png\",\"width\":470,\"height\":110,\"caption\":\"LASTCHANCE Deals | Suomi\"},\"image\":{\"@id\":\"https:\/\/last-chance.fi\/#\/schema\/logo\/image\/\"}}]}<\/script>\n<!-- \/ Yoast SEO plugin. -->","yoast_head_json":{"title":"20 paria kertak\u00e4ytt\u00f6isi\u00e4 sukkia, unisex miehille tai naisille (pitk\u00e4t, harmaat) koko 43-47 Avorio - LASTCHANCE Deals | Suomi","robots":{"index":"index","follow":"follow","max-snippet":"max-snippet:-1","max-image-preview":"max-image-preview:large","max-video-preview":"max-video-preview:-1"},"canonical":"https:\/\/last-chance.fi\/?product=20-paria-kertakayttoisia-sukkia-unisex-miehille-tai-naisille-pitkat-harmaat-koko-43-47-avorio","og_locale":"fi_FI","og_type":"article","og_title":"20 paria kertak\u00e4ytt\u00f6isi\u00e4 sukkia, unisex miehille tai naisille (pitk\u00e4t, harmaat) koko 43-47 Avorio - LASTCHANCE Deals | Suomi","og_description":"20 paria kertak\u00e4ytt\u00f6isi\u00e4, unisex-sukkia miehille tai naisille (Pitk\u00e4, Harmaa) 43-47 koko Avorio 20 paria kertak\u00e4ytt\u00f6isi\u00e4, unisex-sukkia miehille tai naisille &#8211; t\u00e4ydellinen matkustamiseen tai pitk\u00e4lle matkalle Koko: 43-47 V\u00e4ri: Harmaa Tyyli: Pitk\u00e4 M\u00e4\u00e4r\u00e4: 20 paria Br\u00e4ndi: Eurofashion Materiaali: 80% Puuvillaa, 17% Polyamidia, 3% Elastaania Toimitusaika: 7-10 arkip\u00e4iv\u00e4\u00e4 N\u00e4m\u00e4 laadukkaat Eurofashion-sukat ovat ihanteellinen valinta niille, jotka arvostavat [&hellip;]","og_url":"https:\/\/last-chance.fi\/?product=20-paria-kertakayttoisia-sukkia-unisex-miehille-tai-naisille-pitkat-harmaat-koko-43-47-avorio","og_site_name":"LASTCHANCE Deals | Suomi","article_modified_time":"2025-09-19T22:43:58+00:00","og_image":[{"width":794,"height":685,"url":"https:\/\/last-chance.fi\/wp-content\/uploads\/2024\/06\/1TBSC1BIGg-1.png","type":"image\/png"}],"twitter_card":"summary_large_image","twitter_misc":{"Arvioitu lukuaika":"1 minuutti"},"schema":{"@context":"https:\/\/schema.org","@graph":[{"@type":"WebPage","@id":"https:\/\/last-chance.fi\/?product=20-paria-kertakayttoisia-sukkia-unisex-miehille-tai-naisille-pitkat-harmaat-koko-43-47-avorio","url":"https:\/\/last-chance.fi\/?product=20-paria-kertakayttoisia-sukkia-unisex-miehille-tai-naisille-pitkat-harmaat-koko-43-47-avorio","name":"20 paria kertak\u00e4ytt\u00f6isi\u00e4 sukkia, unisex miehille tai naisille (pitk\u00e4t, harmaat) koko 43-47 Avorio - LASTCHANCE Deals | Suomi","isPartOf":{"@id":"https:\/\/last-chance.fi\/#website"},"primaryImageOfPage":{"@id":"https:\/\/last-chance.fi\/?product=20-paria-kertakayttoisia-sukkia-unisex-miehille-tai-naisille-pitkat-harmaat-koko-43-47-avorio#primaryimage"},"image":{"@id":"https:\/\/last-chance.fi\/?product=20-paria-kertakayttoisia-sukkia-unisex-miehille-tai-naisille-pitkat-harmaat-koko-43-47-avorio#primaryimage"},"thumbnailUrl":"https:\/\/last-chance.fi\/wp-content\/uploads\/2024\/06\/1TBSC1BIGg-1.png","datePublished":"2024-06-26T19:47:27+00:00","dateModified":"2025-09-19T22:43:58+00:00","breadcrumb":{"@id":"https:\/\/last-chance.fi\/?product=20-paria-kertakayttoisia-sukkia-unisex-miehille-tai-naisille-pitkat-harmaat-koko-43-47-avorio#breadcrumb"},"inLanguage":"fi","potentialAction":[{"@type":"ReadAction","target":["https:\/\/last-chance.fi\/?product=20-paria-kertakayttoisia-sukkia-unisex-miehille-tai-naisille-pitkat-harmaat-koko-43-47-avorio"]}]},{"@type":"ImageObject","inLanguage":"fi","@id":"https:\/\/last-chance.fi\/?product=20-paria-kertakayttoisia-sukkia-unisex-miehille-tai-naisille-pitkat-harmaat-koko-43-47-avorio#primaryimage","url":"https:\/\/last-chance.fi\/wp-content\/uploads\/2024\/06\/1TBSC1BIGg-1.png","contentUrl":"https:\/\/last-chance.fi\/wp-content\/uploads\/2024\/06\/1TBSC1BIGg-1.png","width":794,"height":685},{"@type":"BreadcrumbList","@id":"https:\/\/last-chance.fi\/?product=20-paria-kertakayttoisia-sukkia-unisex-miehille-tai-naisille-pitkat-harmaat-koko-43-47-avorio#breadcrumb","itemListElement":[{"@type":"ListItem","position":1,"name":"Home","item":"https:\/\/last-chance.fi\/"},{"@type":"ListItem","position":2,"name":"20 paria kertak\u00e4ytt\u00f6isi\u00e4 sukkia, unisex miehille tai naisille (pitk\u00e4t, harmaat) koko 43-47 Avorio"}]},{"@type":"WebSite","@id":"https:\/\/last-chance.fi\/#website","url":"https:\/\/last-chance.fi\/","name":"LASTCHANCE Deals | Suomi","description":"LASTCHANCE Deals | Suomi","publisher":{"@id":"https:\/\/last-chance.fi\/#organization"},"potentialAction":[{"@type":"SearchAction","target":{"@type":"EntryPoint","urlTemplate":"https:\/\/last-chance.fi\/?s={search_term_string}"},"query-input":{"@type":"PropertyValueSpecification","valueRequired":true,"valueName":"search_term_string"}}],"inLanguage":"fi"},{"@type":"Organization","@id":"https:\/\/last-chance.fi\/#organization","name":"LASTCHANCE Deals | Suomi","url":"https:\/\/last-chance.fi\/","logo":{"@type":"ImageObject","inLanguage":"fi","@id":"https:\/\/last-chance.fi\/#\/schema\/logo\/image\/","url":"https:\/\/last-chance.fi\/wp-content\/uploads\/2023\/10\/lastchancedeals_logo_fi_white-1.png","contentUrl":"https:\/\/last-chance.fi\/wp-content\/uploads\/2023\/10\/lastchancedeals_logo_fi_white-1.png","width":470,"height":110,"caption":"LASTCHANCE Deals | Suomi"},"image":{"@id":"https:\/\/last-chance.fi\/#\/schema\/logo\/image\/"}}]}},"_links":{"self":[{"href":"https:\/\/last-chance.fi\/index.php?rest_route=\/wp\/v2\/product\/15788","targetHints":{"allow":["GET"]}}],"collection":[{"href":"https:\/\/last-chance.fi\/index.php?rest_route=\/wp\/v2\/product"}],"about":[{"href":"https:\/\/last-chance.fi\/index.php?rest_route=\/wp\/v2\/types\/product"}],"replies":[{"embeddable":true,"href":"https:\/\/last-chance.fi\/index.php?rest_route=%2Fwp%2Fv2%2Fcomments&post=15788"}],"wp:featuredmedia":[{"embeddable":true,"href":"https:\/\/last-chance.fi\/index.php?rest_route=\/wp\/v2\/media\/15785"}],"wp:attachment":[{"href":"https:\/\/last-chance.fi\/index.php?rest_route=%2Fwp%2Fv2%2Fmedia&parent=15788"}],"wp:term":[{"taxonomy":"product_brand","embeddable":true,"href":"https:\/\/last-chance.fi\/index.php?rest_route=%2Fwp%2Fv2%2Fproduct_brand&post=15788"},{"taxonomy":"product_cat","embeddable":true,"href":"https:\/\/last-chance.fi\/index.php?rest_route=%2Fwp%2Fv2%2Fproduct_cat&post=15788"},{"taxonomy":"product_tag","embeddable":true,"href":"https:\/\/last-chance.fi\/index.php?rest_route=%2Fwp%2Fv2%2Fproduct_tag&post=15788"}],"curies":[{"name":"wp","href":"https:\/\/api.w.org\/{rel}","templated":true}]}}