{"id":15629,"date":"2024-06-19T16:45:01","date_gmt":"2024-06-19T13:45:01","guid":{"rendered":"https:\/\/www.lastchance.deals\/fi\/tuote\/kultaisen-raudan-lehtipoyta-tai-hyllykoriste-kasawood\/"},"modified":"2025-09-20T02:22:57","modified_gmt":"2025-09-19T23:22:57","slug":"kultaisen-raudan-lehtipoyta-tai-hyllykoriste-kasawood","status":"publish","type":"product","link":"https:\/\/last-chance.fi\/?product=kultaisen-raudan-lehtipoyta-tai-hyllykoriste-kasawood","title":{"rendered":"Kultaisen raudan lehtip\u00f6yt\u00e4 tai hyllykoriste KasaWood"},"content":{"rendered":"<p>Kultainen rautalehti p\u00f6yt\u00e4- tai hyllykoriste KasaWood<\/p>\n<p><\/p>\n<p>Kultainen rautalehti on tyylik\u00e4s lis\u00e4 kotiin tai toimistoon. Se sopii loistavasti p\u00f6yt\u00e4koristeeksi ja on samalla ihanteellinen lahjaidea. <br \/>\nTuotemerki: Eurofashion<br \/>\nKoko: 29 x 22  x 5,5 cm  (P x K x L)<\/p>\n<p><\/p>\n<p>Materiaali: Rauta<br \/>\n<b> Toimitusaika: 7-10 arkip\u00e4iv\u00e4\u00e4<\/b><\/p>\n<p><\/p>\n<p>T\u00e4m\u00e4 p\u00f6yt\u00e4koriste tuo kotiisi tai toimistosi hyllylle ripauksen luksusta. Kultainen rautalehti on valmistettu laadukkaasta raudasta, joka kest\u00e4\u00e4 vuodesta toiseen.<br \/>\nKoristeen koko on k\u00e4yt\u00e4nn\u00f6llinen, joten se mahtuu moneen paikkaan. Voit asettaa sen esimerkiksi kirjahyllylle, ruokap\u00f6yd\u00e4lle tai vaikkapa y\u00f6p\u00f6yd\u00e4lle. Anna se lahjaksi sisustuksesta kiinnostuneelle tai hemmottele itse\u00e4si t\u00e4ll\u00e4 upealla koristeella.<\/p>\n<p><\/p>\n<p>T\u00e4m\u00e4n tyylikk\u00e4\u00e4n koristeen tuotemerkin Eurofashion tunnetaan laadukkaista ja tyylikk\u00e4ist\u00e4 tuotteistaan, ja t\u00e4m\u00e4 koriste ei ole poikkeus. Se tuo kotiisi ripauksen ylellisyytt\u00e4 ja eleganttia charmia.<\/p>\n<p><\/p>\n<p>Odotettavissa oleva toimitusaika on 7-10 arkip\u00e4iv\u00e4\u00e4, joten voit odottaa t\u00e4m\u00e4n kauniin koristeen saapuvan pian.<\/p>\n<p><\/p>\n<p>Tuoteominaisuudet:<br \/>\n&#8211; Tuotemerkki: Eurofashion<br \/>\n&#8211; Materiaali: Rauta<br \/>\n&#8211; Koko: 29 x 22 x 5,5 cm<br \/>\n&#8211; Toimitusaika: 7-10 arkip\u00e4iv\u00e4\u00e4<\/p>\n","protected":false},"excerpt":{"rendered":"<p>Kultainen rautalehti p\u00f6yt\u00e4- tai hyllykoriste KasaWood Kultainen rautalehti on tyylik\u00e4s lis\u00e4 kotiin tai toimistoon. Se sopii loistavasti p\u00f6yt\u00e4koristeeksi ja on samalla ihanteellinen lahjaidea. Tuotemerki: Eurofashion Koko: 29 x 22 x 5,5 cm (P x K x L) Materiaali: Rauta Toimitusaika: 7-10 arkip\u00e4iv\u00e4\u00e4 T\u00e4m\u00e4 p\u00f6yt\u00e4koriste tuo kotiisi tai toimistosi hyllylle ripauksen luksusta. Kultainen rautalehti on valmistettu [&hellip;]<\/p>\n","protected":false},"featured_media":15625,"comment_status":"open","ping_status":"closed","template":"","meta":[],"product_brand":[],"product_cat":[244],"product_tag":[],"class_list":{"0":"post-15629","1":"product","2":"type-product","3":"status-publish","4":"has-post-thumbnail","6":"product_cat-table-decor","8":"first","9":"instock","10":"shipping-taxable","11":"purchasable","12":"product-type-simple"},"yoast_head":"<!-- This site is optimized with the Yoast SEO plugin v23.8 - https:\/\/yoast.com\/wordpress\/plugins\/seo\/ -->\n<title>Kultaisen raudan lehtip\u00f6yt\u00e4 tai hyllykoriste KasaWood - LASTCHANCE Deals | Suomi<\/title>\n<meta name=\"robots\" content=\"index, follow, max-snippet:-1, max-image-preview:large, max-video-preview:-1\" \/>\n<link rel=\"canonical\" href=\"https:\/\/last-chance.fi\/?product=kultaisen-raudan-lehtipoyta-tai-hyllykoriste-kasawood\" \/>\n<meta property=\"og:locale\" content=\"fi_FI\" \/>\n<meta property=\"og:type\" content=\"article\" \/>\n<meta property=\"og:title\" content=\"Kultaisen raudan lehtip\u00f6yt\u00e4 tai hyllykoriste KasaWood - LASTCHANCE Deals | Suomi\" \/>\n<meta property=\"og:description\" content=\"Kultainen rautalehti p\u00f6yt\u00e4- tai hyllykoriste KasaWood Kultainen rautalehti on tyylik\u00e4s lis\u00e4 kotiin tai toimistoon. Se sopii loistavasti p\u00f6yt\u00e4koristeeksi ja on samalla ihanteellinen lahjaidea. Tuotemerki: Eurofashion Koko: 29 x 22 x 5,5 cm (P x K x L) Materiaali: Rauta Toimitusaika: 7-10 arkip\u00e4iv\u00e4\u00e4 T\u00e4m\u00e4 p\u00f6yt\u00e4koriste tuo kotiisi tai toimistosi hyllylle ripauksen luksusta. Kultainen rautalehti on valmistettu [&hellip;]\" \/>\n<meta property=\"og:url\" content=\"https:\/\/last-chance.fi\/?product=kultaisen-raudan-lehtipoyta-tai-hyllykoriste-kasawood\" \/>\n<meta property=\"og:site_name\" content=\"LASTCHANCE Deals | Suomi\" \/>\n<meta property=\"article:modified_time\" content=\"2025-09-19T23:22:57+00:00\" \/>\n<meta property=\"og:image\" content=\"https:\/\/last-chance.fi\/wp-content\/uploads\/2024\/06\/TBPM2.png\" \/>\n\t<meta property=\"og:image:width\" content=\"739\" \/>\n\t<meta property=\"og:image:height\" content=\"692\" \/>\n\t<meta property=\"og:image:type\" content=\"image\/png\" \/>\n<meta name=\"twitter:card\" content=\"summary_large_image\" \/>\n<meta name=\"twitter:label1\" content=\"Arvioitu lukuaika\" \/>\n\t<meta name=\"twitter:data1\" content=\"1 minuutti\" \/>\n<script type=\"application\/ld+json\" class=\"yoast-schema-graph\">{\"@context\":\"https:\/\/schema.org\",\"@graph\":[{\"@type\":\"WebPage\",\"@id\":\"https:\/\/last-chance.fi\/?product=kultaisen-raudan-lehtipoyta-tai-hyllykoriste-kasawood\",\"url\":\"https:\/\/last-chance.fi\/?product=kultaisen-raudan-lehtipoyta-tai-hyllykoriste-kasawood\",\"name\":\"Kultaisen raudan lehtip\u00f6yt\u00e4 tai hyllykoriste KasaWood - LASTCHANCE Deals | Suomi\",\"isPartOf\":{\"@id\":\"https:\/\/last-chance.fi\/#website\"},\"primaryImageOfPage\":{\"@id\":\"https:\/\/last-chance.fi\/?product=kultaisen-raudan-lehtipoyta-tai-hyllykoriste-kasawood#primaryimage\"},\"image\":{\"@id\":\"https:\/\/last-chance.fi\/?product=kultaisen-raudan-lehtipoyta-tai-hyllykoriste-kasawood#primaryimage\"},\"thumbnailUrl\":\"https:\/\/last-chance.fi\/wp-content\/uploads\/2024\/06\/TBPM2.png\",\"datePublished\":\"2024-06-19T13:45:01+00:00\",\"dateModified\":\"2025-09-19T23:22:57+00:00\",\"breadcrumb\":{\"@id\":\"https:\/\/last-chance.fi\/?product=kultaisen-raudan-lehtipoyta-tai-hyllykoriste-kasawood#breadcrumb\"},\"inLanguage\":\"fi\",\"potentialAction\":[{\"@type\":\"ReadAction\",\"target\":[\"https:\/\/last-chance.fi\/?product=kultaisen-raudan-lehtipoyta-tai-hyllykoriste-kasawood\"]}]},{\"@type\":\"ImageObject\",\"inLanguage\":\"fi\",\"@id\":\"https:\/\/last-chance.fi\/?product=kultaisen-raudan-lehtipoyta-tai-hyllykoriste-kasawood#primaryimage\",\"url\":\"https:\/\/last-chance.fi\/wp-content\/uploads\/2024\/06\/TBPM2.png\",\"contentUrl\":\"https:\/\/last-chance.fi\/wp-content\/uploads\/2024\/06\/TBPM2.png\",\"width\":739,\"height\":692},{\"@type\":\"BreadcrumbList\",\"@id\":\"https:\/\/last-chance.fi\/?product=kultaisen-raudan-lehtipoyta-tai-hyllykoriste-kasawood#breadcrumb\",\"itemListElement\":[{\"@type\":\"ListItem\",\"position\":1,\"name\":\"Home\",\"item\":\"https:\/\/last-chance.fi\/\"},{\"@type\":\"ListItem\",\"position\":2,\"name\":\"Kultaisen raudan lehtip\u00f6yt\u00e4 tai hyllykoriste KasaWood\"}]},{\"@type\":\"WebSite\",\"@id\":\"https:\/\/last-chance.fi\/#website\",\"url\":\"https:\/\/last-chance.fi\/\",\"name\":\"LASTCHANCE Deals | Suomi\",\"description\":\"LASTCHANCE Deals | Suomi\",\"publisher\":{\"@id\":\"https:\/\/last-chance.fi\/#organization\"},\"potentialAction\":[{\"@type\":\"SearchAction\",\"target\":{\"@type\":\"EntryPoint\",\"urlTemplate\":\"https:\/\/last-chance.fi\/?s={search_term_string}\"},\"query-input\":{\"@type\":\"PropertyValueSpecification\",\"valueRequired\":true,\"valueName\":\"search_term_string\"}}],\"inLanguage\":\"fi\"},{\"@type\":\"Organization\",\"@id\":\"https:\/\/last-chance.fi\/#organization\",\"name\":\"LASTCHANCE Deals | Suomi\",\"url\":\"https:\/\/last-chance.fi\/\",\"logo\":{\"@type\":\"ImageObject\",\"inLanguage\":\"fi\",\"@id\":\"https:\/\/last-chance.fi\/#\/schema\/logo\/image\/\",\"url\":\"https:\/\/last-chance.fi\/wp-content\/uploads\/2023\/10\/lastchancedeals_logo_fi_white-1.png\",\"contentUrl\":\"https:\/\/last-chance.fi\/wp-content\/uploads\/2023\/10\/lastchancedeals_logo_fi_white-1.png\",\"width\":470,\"height\":110,\"caption\":\"LASTCHANCE Deals | Suomi\"},\"image\":{\"@id\":\"https:\/\/last-chance.fi\/#\/schema\/logo\/image\/\"}}]}<\/script>\n<!-- \/ Yoast SEO plugin. -->","yoast_head_json":{"title":"Kultaisen raudan lehtip\u00f6yt\u00e4 tai hyllykoriste KasaWood - LASTCHANCE Deals | Suomi","robots":{"index":"index","follow":"follow","max-snippet":"max-snippet:-1","max-image-preview":"max-image-preview:large","max-video-preview":"max-video-preview:-1"},"canonical":"https:\/\/last-chance.fi\/?product=kultaisen-raudan-lehtipoyta-tai-hyllykoriste-kasawood","og_locale":"fi_FI","og_type":"article","og_title":"Kultaisen raudan lehtip\u00f6yt\u00e4 tai hyllykoriste KasaWood - LASTCHANCE Deals | Suomi","og_description":"Kultainen rautalehti p\u00f6yt\u00e4- tai hyllykoriste KasaWood Kultainen rautalehti on tyylik\u00e4s lis\u00e4 kotiin tai toimistoon. Se sopii loistavasti p\u00f6yt\u00e4koristeeksi ja on samalla ihanteellinen lahjaidea. Tuotemerki: Eurofashion Koko: 29 x 22 x 5,5 cm (P x K x L) Materiaali: Rauta Toimitusaika: 7-10 arkip\u00e4iv\u00e4\u00e4 T\u00e4m\u00e4 p\u00f6yt\u00e4koriste tuo kotiisi tai toimistosi hyllylle ripauksen luksusta. Kultainen rautalehti on valmistettu [&hellip;]","og_url":"https:\/\/last-chance.fi\/?product=kultaisen-raudan-lehtipoyta-tai-hyllykoriste-kasawood","og_site_name":"LASTCHANCE Deals | Suomi","article_modified_time":"2025-09-19T23:22:57+00:00","og_image":[{"width":739,"height":692,"url":"https:\/\/last-chance.fi\/wp-content\/uploads\/2024\/06\/TBPM2.png","type":"image\/png"}],"twitter_card":"summary_large_image","twitter_misc":{"Arvioitu lukuaika":"1 minuutti"},"schema":{"@context":"https:\/\/schema.org","@graph":[{"@type":"WebPage","@id":"https:\/\/last-chance.fi\/?product=kultaisen-raudan-lehtipoyta-tai-hyllykoriste-kasawood","url":"https:\/\/last-chance.fi\/?product=kultaisen-raudan-lehtipoyta-tai-hyllykoriste-kasawood","name":"Kultaisen raudan lehtip\u00f6yt\u00e4 tai hyllykoriste KasaWood - LASTCHANCE Deals | Suomi","isPartOf":{"@id":"https:\/\/last-chance.fi\/#website"},"primaryImageOfPage":{"@id":"https:\/\/last-chance.fi\/?product=kultaisen-raudan-lehtipoyta-tai-hyllykoriste-kasawood#primaryimage"},"image":{"@id":"https:\/\/last-chance.fi\/?product=kultaisen-raudan-lehtipoyta-tai-hyllykoriste-kasawood#primaryimage"},"thumbnailUrl":"https:\/\/last-chance.fi\/wp-content\/uploads\/2024\/06\/TBPM2.png","datePublished":"2024-06-19T13:45:01+00:00","dateModified":"2025-09-19T23:22:57+00:00","breadcrumb":{"@id":"https:\/\/last-chance.fi\/?product=kultaisen-raudan-lehtipoyta-tai-hyllykoriste-kasawood#breadcrumb"},"inLanguage":"fi","potentialAction":[{"@type":"ReadAction","target":["https:\/\/last-chance.fi\/?product=kultaisen-raudan-lehtipoyta-tai-hyllykoriste-kasawood"]}]},{"@type":"ImageObject","inLanguage":"fi","@id":"https:\/\/last-chance.fi\/?product=kultaisen-raudan-lehtipoyta-tai-hyllykoriste-kasawood#primaryimage","url":"https:\/\/last-chance.fi\/wp-content\/uploads\/2024\/06\/TBPM2.png","contentUrl":"https:\/\/last-chance.fi\/wp-content\/uploads\/2024\/06\/TBPM2.png","width":739,"height":692},{"@type":"BreadcrumbList","@id":"https:\/\/last-chance.fi\/?product=kultaisen-raudan-lehtipoyta-tai-hyllykoriste-kasawood#breadcrumb","itemListElement":[{"@type":"ListItem","position":1,"name":"Home","item":"https:\/\/last-chance.fi\/"},{"@type":"ListItem","position":2,"name":"Kultaisen raudan lehtip\u00f6yt\u00e4 tai hyllykoriste KasaWood"}]},{"@type":"WebSite","@id":"https:\/\/last-chance.fi\/#website","url":"https:\/\/last-chance.fi\/","name":"LASTCHANCE Deals | Suomi","description":"LASTCHANCE Deals | Suomi","publisher":{"@id":"https:\/\/last-chance.fi\/#organization"},"potentialAction":[{"@type":"SearchAction","target":{"@type":"EntryPoint","urlTemplate":"https:\/\/last-chance.fi\/?s={search_term_string}"},"query-input":{"@type":"PropertyValueSpecification","valueRequired":true,"valueName":"search_term_string"}}],"inLanguage":"fi"},{"@type":"Organization","@id":"https:\/\/last-chance.fi\/#organization","name":"LASTCHANCE Deals | Suomi","url":"https:\/\/last-chance.fi\/","logo":{"@type":"ImageObject","inLanguage":"fi","@id":"https:\/\/last-chance.fi\/#\/schema\/logo\/image\/","url":"https:\/\/last-chance.fi\/wp-content\/uploads\/2023\/10\/lastchancedeals_logo_fi_white-1.png","contentUrl":"https:\/\/last-chance.fi\/wp-content\/uploads\/2023\/10\/lastchancedeals_logo_fi_white-1.png","width":470,"height":110,"caption":"LASTCHANCE Deals | Suomi"},"image":{"@id":"https:\/\/last-chance.fi\/#\/schema\/logo\/image\/"}}]}},"_links":{"self":[{"href":"https:\/\/last-chance.fi\/index.php?rest_route=\/wp\/v2\/product\/15629","targetHints":{"allow":["GET"]}}],"collection":[{"href":"https:\/\/last-chance.fi\/index.php?rest_route=\/wp\/v2\/product"}],"about":[{"href":"https:\/\/last-chance.fi\/index.php?rest_route=\/wp\/v2\/types\/product"}],"replies":[{"embeddable":true,"href":"https:\/\/last-chance.fi\/index.php?rest_route=%2Fwp%2Fv2%2Fcomments&post=15629"}],"wp:featuredmedia":[{"embeddable":true,"href":"https:\/\/last-chance.fi\/index.php?rest_route=\/wp\/v2\/media\/15625"}],"wp:attachment":[{"href":"https:\/\/last-chance.fi\/index.php?rest_route=%2Fwp%2Fv2%2Fmedia&parent=15629"}],"wp:term":[{"taxonomy":"product_brand","embeddable":true,"href":"https:\/\/last-chance.fi\/index.php?rest_route=%2Fwp%2Fv2%2Fproduct_brand&post=15629"},{"taxonomy":"product_cat","embeddable":true,"href":"https:\/\/last-chance.fi\/index.php?rest_route=%2Fwp%2Fv2%2Fproduct_cat&post=15629"},{"taxonomy":"product_tag","embeddable":true,"href":"https:\/\/last-chance.fi\/index.php?rest_route=%2Fwp%2Fv2%2Fproduct_tag&post=15629"}],"curies":[{"name":"wp","href":"https:\/\/api.w.org\/{rel}","templated":true}]}}