{"id":15591,"date":"2024-06-19T10:58:48","date_gmt":"2024-06-19T07:58:48","guid":{"rendered":"https:\/\/www.lastchance.deals\/fi\/tuote\/200-x-140-cm-itsekiinnittyva-tarranauha-hyttysverkko-ikkunaan-tai-oveen-estamaan-hyttysia-bellacasa\/"},"modified":"2025-03-24T02:01:05","modified_gmt":"2025-03-24T00:01:05","slug":"200-x-140-cm-itsekiinnittyva-tarranauha-hyttysverkko-ikkunaan-tai-oveen-estamaan-hyttysia-bellacasa","status":"publish","type":"product","link":"https:\/\/last-chance.fi\/?product=200-x-140-cm-itsekiinnittyva-tarranauha-hyttysverkko-ikkunaan-tai-oveen-estamaan-hyttysia-bellacasa","title":{"rendered":"200 x 140 cm itsekiinnittyv\u00e4 tarranauha hyttysverkko ikkunaan tai oveen est\u00e4m\u00e4\u00e4n hyttysi\u00e4 BellaCasa"},"content":{"rendered":"<p>200 x 140 cm Itsekiinnittyv\u00e4 BellaCasa Velcro hyttysverkko ikkunaan tai oveen hyttysten est\u00e4miseksi<\/p>\n<p><\/p>\n<p>Itsekiinnittyv\u00e4 hyttysverkko ikkunaan tai oveen, kiinnitet\u00e4\u00e4n Velcro-tarranauhalla ikkunan- tai ovenkarmin.<br \/>\nAsennus: Kiinnit\u00e4 mukana tuleva itsekiinnittyv\u00e4 Velcro-tarra ikkunan- tai ovenkarmin, kiinnit\u00e4 sitten netto.<br \/>\nKoko: 200 x 140 cm<br \/>\n<b>Toimitusaika: 7-10 arkip\u00e4iv\u00e4\u00e4<\/b><\/p>\n<p><\/p>\n<p><b>Tekniset tiedot:<\/b><\/p>\n","protected":false},"excerpt":{"rendered":"<p>200 x 140 cm Itsekiinnittyv\u00e4 BellaCasa Velcro hyttysverkko ikkunaan tai oveen hyttysten est\u00e4miseksi Itsekiinnittyv\u00e4 hyttysverkko ikkunaan tai oveen, kiinnitet\u00e4\u00e4n Velcro-tarranauhalla ikkunan- tai ovenkarmin. Asennus: Kiinnit\u00e4 mukana tuleva itsekiinnittyv\u00e4 Velcro-tarra ikkunan- tai ovenkarmin, kiinnit\u00e4 sitten netto. Koko: 200 x 140 cm Toimitusaika: 7-10 arkip\u00e4iv\u00e4\u00e4 Tekniset tiedot:<\/p>\n","protected":false},"featured_media":15587,"comment_status":"open","ping_status":"closed","template":"","meta":[],"product_brand":[],"product_cat":[238],"product_tag":[],"class_list":{"0":"post-15591","1":"product","2":"type-product","3":"status-publish","4":"has-post-thumbnail","6":"product_cat-mosquito-net","8":"first","9":"instock","10":"shipping-taxable","11":"purchasable","12":"product-type-simple"},"yoast_head":"<!-- This site is optimized with the Yoast SEO plugin v23.8 - https:\/\/yoast.com\/wordpress\/plugins\/seo\/ -->\n<title>200 x 140 cm itsekiinnittyv\u00e4 tarranauha hyttysverkko ikkunaan tai oveen est\u00e4m\u00e4\u00e4n hyttysi\u00e4 BellaCasa - LASTCHANCE Deals | Suomi<\/title>\n<meta name=\"robots\" content=\"index, follow, max-snippet:-1, max-image-preview:large, max-video-preview:-1\" \/>\n<link rel=\"canonical\" href=\"https:\/\/last-chance.fi\/?product=200-x-140-cm-itsekiinnittyva-tarranauha-hyttysverkko-ikkunaan-tai-oveen-estamaan-hyttysia-bellacasa\" \/>\n<meta property=\"og:locale\" content=\"fi_FI\" \/>\n<meta property=\"og:type\" content=\"article\" \/>\n<meta property=\"og:title\" content=\"200 x 140 cm itsekiinnittyv\u00e4 tarranauha hyttysverkko ikkunaan tai oveen est\u00e4m\u00e4\u00e4n hyttysi\u00e4 BellaCasa - LASTCHANCE Deals | Suomi\" \/>\n<meta property=\"og:description\" content=\"200 x 140 cm Itsekiinnittyv\u00e4 BellaCasa Velcro hyttysverkko ikkunaan tai oveen hyttysten est\u00e4miseksi Itsekiinnittyv\u00e4 hyttysverkko ikkunaan tai oveen, kiinnitet\u00e4\u00e4n Velcro-tarranauhalla ikkunan- tai ovenkarmin. Asennus: Kiinnit\u00e4 mukana tuleva itsekiinnittyv\u00e4 Velcro-tarra ikkunan- tai ovenkarmin, kiinnit\u00e4 sitten netto. Koko: 200 x 140 cm Toimitusaika: 7-10 arkip\u00e4iv\u00e4\u00e4 Tekniset tiedot:\" \/>\n<meta property=\"og:url\" content=\"https:\/\/last-chance.fi\/?product=200-x-140-cm-itsekiinnittyva-tarranauha-hyttysverkko-ikkunaan-tai-oveen-estamaan-hyttysia-bellacasa\" \/>\n<meta property=\"og:site_name\" content=\"LASTCHANCE Deals | Suomi\" \/>\n<meta property=\"article:modified_time\" content=\"2025-03-24T00:01:05+00:00\" \/>\n<meta property=\"og:image\" content=\"https:\/\/last-chance.fi\/wp-content\/uploads\/2024\/06\/1TBMN8050-39.png\" \/>\n\t<meta property=\"og:image:width\" content=\"753\" \/>\n\t<meta property=\"og:image:height\" content=\"734\" \/>\n\t<meta property=\"og:image:type\" content=\"image\/png\" \/>\n<meta name=\"twitter:card\" content=\"summary_large_image\" \/>\n<script type=\"application\/ld+json\" class=\"yoast-schema-graph\">{\"@context\":\"https:\/\/schema.org\",\"@graph\":[{\"@type\":\"WebPage\",\"@id\":\"https:\/\/last-chance.fi\/?product=200-x-140-cm-itsekiinnittyva-tarranauha-hyttysverkko-ikkunaan-tai-oveen-estamaan-hyttysia-bellacasa\",\"url\":\"https:\/\/last-chance.fi\/?product=200-x-140-cm-itsekiinnittyva-tarranauha-hyttysverkko-ikkunaan-tai-oveen-estamaan-hyttysia-bellacasa\",\"name\":\"200 x 140 cm itsekiinnittyv\u00e4 tarranauha hyttysverkko ikkunaan tai oveen est\u00e4m\u00e4\u00e4n hyttysi\u00e4 BellaCasa - LASTCHANCE Deals | Suomi\",\"isPartOf\":{\"@id\":\"https:\/\/last-chance.fi\/#website\"},\"primaryImageOfPage\":{\"@id\":\"https:\/\/last-chance.fi\/?product=200-x-140-cm-itsekiinnittyva-tarranauha-hyttysverkko-ikkunaan-tai-oveen-estamaan-hyttysia-bellacasa#primaryimage\"},\"image\":{\"@id\":\"https:\/\/last-chance.fi\/?product=200-x-140-cm-itsekiinnittyva-tarranauha-hyttysverkko-ikkunaan-tai-oveen-estamaan-hyttysia-bellacasa#primaryimage\"},\"thumbnailUrl\":\"https:\/\/last-chance.fi\/wp-content\/uploads\/2024\/06\/1TBMN8050-39.png\",\"datePublished\":\"2024-06-19T07:58:48+00:00\",\"dateModified\":\"2025-03-24T00:01:05+00:00\",\"breadcrumb\":{\"@id\":\"https:\/\/last-chance.fi\/?product=200-x-140-cm-itsekiinnittyva-tarranauha-hyttysverkko-ikkunaan-tai-oveen-estamaan-hyttysia-bellacasa#breadcrumb\"},\"inLanguage\":\"fi\",\"potentialAction\":[{\"@type\":\"ReadAction\",\"target\":[\"https:\/\/last-chance.fi\/?product=200-x-140-cm-itsekiinnittyva-tarranauha-hyttysverkko-ikkunaan-tai-oveen-estamaan-hyttysia-bellacasa\"]}]},{\"@type\":\"ImageObject\",\"inLanguage\":\"fi\",\"@id\":\"https:\/\/last-chance.fi\/?product=200-x-140-cm-itsekiinnittyva-tarranauha-hyttysverkko-ikkunaan-tai-oveen-estamaan-hyttysia-bellacasa#primaryimage\",\"url\":\"https:\/\/last-chance.fi\/wp-content\/uploads\/2024\/06\/1TBMN8050-39.png\",\"contentUrl\":\"https:\/\/last-chance.fi\/wp-content\/uploads\/2024\/06\/1TBMN8050-39.png\",\"width\":753,\"height\":734},{\"@type\":\"BreadcrumbList\",\"@id\":\"https:\/\/last-chance.fi\/?product=200-x-140-cm-itsekiinnittyva-tarranauha-hyttysverkko-ikkunaan-tai-oveen-estamaan-hyttysia-bellacasa#breadcrumb\",\"itemListElement\":[{\"@type\":\"ListItem\",\"position\":1,\"name\":\"Home\",\"item\":\"https:\/\/last-chance.fi\/\"},{\"@type\":\"ListItem\",\"position\":2,\"name\":\"200 x 140 cm itsekiinnittyv\u00e4 tarranauha hyttysverkko ikkunaan tai oveen est\u00e4m\u00e4\u00e4n hyttysi\u00e4 BellaCasa\"}]},{\"@type\":\"WebSite\",\"@id\":\"https:\/\/last-chance.fi\/#website\",\"url\":\"https:\/\/last-chance.fi\/\",\"name\":\"LASTCHANCE Deals | Suomi\",\"description\":\"LASTCHANCE Deals | Suomi\",\"publisher\":{\"@id\":\"https:\/\/last-chance.fi\/#organization\"},\"potentialAction\":[{\"@type\":\"SearchAction\",\"target\":{\"@type\":\"EntryPoint\",\"urlTemplate\":\"https:\/\/last-chance.fi\/?s={search_term_string}\"},\"query-input\":{\"@type\":\"PropertyValueSpecification\",\"valueRequired\":true,\"valueName\":\"search_term_string\"}}],\"inLanguage\":\"fi\"},{\"@type\":\"Organization\",\"@id\":\"https:\/\/last-chance.fi\/#organization\",\"name\":\"LASTCHANCE Deals | Suomi\",\"url\":\"https:\/\/last-chance.fi\/\",\"logo\":{\"@type\":\"ImageObject\",\"inLanguage\":\"fi\",\"@id\":\"https:\/\/last-chance.fi\/#\/schema\/logo\/image\/\",\"url\":\"https:\/\/last-chance.fi\/wp-content\/uploads\/2023\/10\/lastchancedeals_logo_fi_white-1.png\",\"contentUrl\":\"https:\/\/last-chance.fi\/wp-content\/uploads\/2023\/10\/lastchancedeals_logo_fi_white-1.png\",\"width\":470,\"height\":110,\"caption\":\"LASTCHANCE Deals | Suomi\"},\"image\":{\"@id\":\"https:\/\/last-chance.fi\/#\/schema\/logo\/image\/\"}}]}<\/script>\n<!-- \/ Yoast SEO plugin. -->","yoast_head_json":{"title":"200 x 140 cm itsekiinnittyv\u00e4 tarranauha hyttysverkko ikkunaan tai oveen est\u00e4m\u00e4\u00e4n hyttysi\u00e4 BellaCasa - LASTCHANCE Deals | Suomi","robots":{"index":"index","follow":"follow","max-snippet":"max-snippet:-1","max-image-preview":"max-image-preview:large","max-video-preview":"max-video-preview:-1"},"canonical":"https:\/\/last-chance.fi\/?product=200-x-140-cm-itsekiinnittyva-tarranauha-hyttysverkko-ikkunaan-tai-oveen-estamaan-hyttysia-bellacasa","og_locale":"fi_FI","og_type":"article","og_title":"200 x 140 cm itsekiinnittyv\u00e4 tarranauha hyttysverkko ikkunaan tai oveen est\u00e4m\u00e4\u00e4n hyttysi\u00e4 BellaCasa - LASTCHANCE Deals | Suomi","og_description":"200 x 140 cm Itsekiinnittyv\u00e4 BellaCasa Velcro hyttysverkko ikkunaan tai oveen hyttysten est\u00e4miseksi Itsekiinnittyv\u00e4 hyttysverkko ikkunaan tai oveen, kiinnitet\u00e4\u00e4n Velcro-tarranauhalla ikkunan- tai ovenkarmin. Asennus: Kiinnit\u00e4 mukana tuleva itsekiinnittyv\u00e4 Velcro-tarra ikkunan- tai ovenkarmin, kiinnit\u00e4 sitten netto. Koko: 200 x 140 cm Toimitusaika: 7-10 arkip\u00e4iv\u00e4\u00e4 Tekniset tiedot:","og_url":"https:\/\/last-chance.fi\/?product=200-x-140-cm-itsekiinnittyva-tarranauha-hyttysverkko-ikkunaan-tai-oveen-estamaan-hyttysia-bellacasa","og_site_name":"LASTCHANCE Deals | Suomi","article_modified_time":"2025-03-24T00:01:05+00:00","og_image":[{"width":753,"height":734,"url":"https:\/\/last-chance.fi\/wp-content\/uploads\/2024\/06\/1TBMN8050-39.png","type":"image\/png"}],"twitter_card":"summary_large_image","schema":{"@context":"https:\/\/schema.org","@graph":[{"@type":"WebPage","@id":"https:\/\/last-chance.fi\/?product=200-x-140-cm-itsekiinnittyva-tarranauha-hyttysverkko-ikkunaan-tai-oveen-estamaan-hyttysia-bellacasa","url":"https:\/\/last-chance.fi\/?product=200-x-140-cm-itsekiinnittyva-tarranauha-hyttysverkko-ikkunaan-tai-oveen-estamaan-hyttysia-bellacasa","name":"200 x 140 cm itsekiinnittyv\u00e4 tarranauha hyttysverkko ikkunaan tai oveen est\u00e4m\u00e4\u00e4n hyttysi\u00e4 BellaCasa - LASTCHANCE Deals | Suomi","isPartOf":{"@id":"https:\/\/last-chance.fi\/#website"},"primaryImageOfPage":{"@id":"https:\/\/last-chance.fi\/?product=200-x-140-cm-itsekiinnittyva-tarranauha-hyttysverkko-ikkunaan-tai-oveen-estamaan-hyttysia-bellacasa#primaryimage"},"image":{"@id":"https:\/\/last-chance.fi\/?product=200-x-140-cm-itsekiinnittyva-tarranauha-hyttysverkko-ikkunaan-tai-oveen-estamaan-hyttysia-bellacasa#primaryimage"},"thumbnailUrl":"https:\/\/last-chance.fi\/wp-content\/uploads\/2024\/06\/1TBMN8050-39.png","datePublished":"2024-06-19T07:58:48+00:00","dateModified":"2025-03-24T00:01:05+00:00","breadcrumb":{"@id":"https:\/\/last-chance.fi\/?product=200-x-140-cm-itsekiinnittyva-tarranauha-hyttysverkko-ikkunaan-tai-oveen-estamaan-hyttysia-bellacasa#breadcrumb"},"inLanguage":"fi","potentialAction":[{"@type":"ReadAction","target":["https:\/\/last-chance.fi\/?product=200-x-140-cm-itsekiinnittyva-tarranauha-hyttysverkko-ikkunaan-tai-oveen-estamaan-hyttysia-bellacasa"]}]},{"@type":"ImageObject","inLanguage":"fi","@id":"https:\/\/last-chance.fi\/?product=200-x-140-cm-itsekiinnittyva-tarranauha-hyttysverkko-ikkunaan-tai-oveen-estamaan-hyttysia-bellacasa#primaryimage","url":"https:\/\/last-chance.fi\/wp-content\/uploads\/2024\/06\/1TBMN8050-39.png","contentUrl":"https:\/\/last-chance.fi\/wp-content\/uploads\/2024\/06\/1TBMN8050-39.png","width":753,"height":734},{"@type":"BreadcrumbList","@id":"https:\/\/last-chance.fi\/?product=200-x-140-cm-itsekiinnittyva-tarranauha-hyttysverkko-ikkunaan-tai-oveen-estamaan-hyttysia-bellacasa#breadcrumb","itemListElement":[{"@type":"ListItem","position":1,"name":"Home","item":"https:\/\/last-chance.fi\/"},{"@type":"ListItem","position":2,"name":"200 x 140 cm itsekiinnittyv\u00e4 tarranauha hyttysverkko ikkunaan tai oveen est\u00e4m\u00e4\u00e4n hyttysi\u00e4 BellaCasa"}]},{"@type":"WebSite","@id":"https:\/\/last-chance.fi\/#website","url":"https:\/\/last-chance.fi\/","name":"LASTCHANCE Deals | Suomi","description":"LASTCHANCE Deals | Suomi","publisher":{"@id":"https:\/\/last-chance.fi\/#organization"},"potentialAction":[{"@type":"SearchAction","target":{"@type":"EntryPoint","urlTemplate":"https:\/\/last-chance.fi\/?s={search_term_string}"},"query-input":{"@type":"PropertyValueSpecification","valueRequired":true,"valueName":"search_term_string"}}],"inLanguage":"fi"},{"@type":"Organization","@id":"https:\/\/last-chance.fi\/#organization","name":"LASTCHANCE Deals | Suomi","url":"https:\/\/last-chance.fi\/","logo":{"@type":"ImageObject","inLanguage":"fi","@id":"https:\/\/last-chance.fi\/#\/schema\/logo\/image\/","url":"https:\/\/last-chance.fi\/wp-content\/uploads\/2023\/10\/lastchancedeals_logo_fi_white-1.png","contentUrl":"https:\/\/last-chance.fi\/wp-content\/uploads\/2023\/10\/lastchancedeals_logo_fi_white-1.png","width":470,"height":110,"caption":"LASTCHANCE Deals | Suomi"},"image":{"@id":"https:\/\/last-chance.fi\/#\/schema\/logo\/image\/"}}]}},"_links":{"self":[{"href":"https:\/\/last-chance.fi\/index.php?rest_route=\/wp\/v2\/product\/15591","targetHints":{"allow":["GET"]}}],"collection":[{"href":"https:\/\/last-chance.fi\/index.php?rest_route=\/wp\/v2\/product"}],"about":[{"href":"https:\/\/last-chance.fi\/index.php?rest_route=\/wp\/v2\/types\/product"}],"replies":[{"embeddable":true,"href":"https:\/\/last-chance.fi\/index.php?rest_route=%2Fwp%2Fv2%2Fcomments&post=15591"}],"wp:featuredmedia":[{"embeddable":true,"href":"https:\/\/last-chance.fi\/index.php?rest_route=\/wp\/v2\/media\/15587"}],"wp:attachment":[{"href":"https:\/\/last-chance.fi\/index.php?rest_route=%2Fwp%2Fv2%2Fmedia&parent=15591"}],"wp:term":[{"taxonomy":"product_brand","embeddable":true,"href":"https:\/\/last-chance.fi\/index.php?rest_route=%2Fwp%2Fv2%2Fproduct_brand&post=15591"},{"taxonomy":"product_cat","embeddable":true,"href":"https:\/\/last-chance.fi\/index.php?rest_route=%2Fwp%2Fv2%2Fproduct_cat&post=15591"},{"taxonomy":"product_tag","embeddable":true,"href":"https:\/\/last-chance.fi\/index.php?rest_route=%2Fwp%2Fv2%2Fproduct_tag&post=15591"}],"curies":[{"name":"wp","href":"https:\/\/api.w.org\/{rel}","templated":true}]}}